{"id":935,"date":"2020-09-14T11:32:40","date_gmt":"2020-09-14T11:32:40","guid":{"rendered":"https:\/\/avadawebsites.wpengine.com\/business-coach\/?page_id=33"},"modified":"2025-02-18T19:17:10","modified_gmt":"2025-02-18T19:17:10","slug":"privacy-policy-2","status":"publish","type":"page","link":"https:\/\/demografia-bbc.hpcf.upr.edu\/wordpress\/case-studies\/privacy-policy-2\/","title":{"rendered":"Fecundidad"},"content":{"rendered":"<p><div class=\"fusion-fullwidth fullwidth-box fusion-builder-row-1 fusion-flex-container has-pattern-background has-mask-background nonhundred-percent-fullwidth non-hundred-percent-height-scrolling\" style=\"--awb-border-radius-top-left:0px;--awb-border-radius-top-right:0px;--awb-border-radius-bottom-right:0px;--awb-border-radius-bottom-left:0px;--awb-flex-wrap:wrap;\" ><div class=\"fusion-builder-row fusion-row fusion-flex-align-items-flex-start fusion-flex-content-wrap\" style=\"max-width:1248px;margin-left: calc(-4% \/ 2 );margin-right: calc(-4% \/ 2 );\"><div class=\"fusion-layout-column fusion_builder_column fusion-builder-column-0 fusion_builder_column_1_1 1_1 fusion-flex-column\" style=\"--awb-bg-size:cover;--awb-width-large:100%;--awb-margin-top-large:0px;--awb-spacing-right-large:1.92%;--awb-margin-bottom-large:20px;--awb-spacing-left-large:1.92%;--awb-width-medium:100%;--awb-order-medium:0;--awb-spacing-right-medium:1.92%;--awb-spacing-left-medium:1.92%;--awb-width-small:100%;--awb-order-small:0;--awb-spacing-right-small:1.92%;--awb-spacing-left-small:1.92%;\"><div class=\"fusion-column-wrapper fusion-column-has-shadow fusion-flex-justify-content-flex-start fusion-content-layout-column\"><div class=\"fusion-text fusion-text-1 fusion-text-no-margin\" style=\"--awb-margin-bottom:30px;\"><p>En esta secci\u00f3n se presentan diferentes acercamientos tanto cuantitativos como cualitativos, para describir, analizar y comprender mejor las din\u00e1micas en los patrones de fecundidad en Puerto Rico. Primero, se presenta un an\u00e1lisis de los posibles predictores como el estado marital, el nivel educativo, la edad, los niveles de pobreza, la participaci\u00f3n laboral y los a\u00f1os bajo estudio. En segundo lugar, se estudian los efectos periodo-cohorte mediante un modelo bayesiano, en donde se enfatiza el efecto cohorte como el predominante en los \u00faltimos de estudio. Adem\u00e1s, se estudia la edad al primer matrimonio utilizando un modelo de nupcialidad. Finalmente, se presenta un estudio detallado sobre el impacto del uso de contraceptivos y la incidencia de ces\u00e1rea en la fecundidad de Puerto Rico.<\/p>\n<\/div><div class=\"fusion-text fusion-text-2\"><p>En los Gr\u00e1ficos 5 y 6 observamos como la fecundidad ha disminuido en todas las edades y para todos los \u00f3rdenes de nacimiento (i.e, primer hijo, segundo hijo, etc). Queremos resaltar la reducci\u00f3n continua en la fecundidad despu\u00e9s de los 30 a\u00f1os, lo que indica claramente que la baja fecundidad de Puerto Rico no es por la posposici\u00f3n de los nacimientos. En el Cap\u00edtulo 3, se estudian con detenimiento los patrones de fecundidad en Puerto Rico.<\/p>\n<\/div><div class=\"fusion-builder-row fusion-builder-row-inner fusion-row fusion-flex-align-items-flex-start fusion-flex-content-wrap\" style=\"width:104% !important;max-width:104% !important;margin-left: calc(-4% \/ 2 );margin-right: calc(-4% \/ 2 );\"><div class=\"fusion-layout-column fusion_builder_column_inner fusion-builder-nested-column-0 fusion_builder_column_inner_1_2 1_2 fusion-flex-column\" style=\"--awb-bg-size:cover;--awb-width-large:50%;--awb-margin-top-large:0px;--awb-spacing-right-large:3.84%;--awb-margin-bottom-large:20px;--awb-spacing-left-large:3.84%;--awb-width-medium:50%;--awb-order-medium:0;--awb-spacing-right-medium:3.84%;--awb-spacing-left-medium:3.84%;--awb-width-small:100%;--awb-order-small:0;--awb-spacing-right-small:1.92%;--awb-spacing-left-small:1.92%;\"><div class=\"fusion-column-wrapper fusion-column-has-shadow fusion-flex-justify-content-flex-start fusion-content-layout-column\"><div class=\"fusion-text fusion-text-3\"><h6 style=\"text-align: center;\">Gr\u00e1fica 5: Tasas de fecundidad por a\u00f1o y grupo de edad,<br \/>\n1950-2022<\/h6>\n<\/div><div class=\"fusion-image-element \" style=\"--awb-caption-title-font-family:var(--h2_typography-font-family);--awb-caption-title-font-weight:var(--h2_typography-font-weight);--awb-caption-title-font-style:var(--h2_typography-font-style);--awb-caption-title-size:var(--h2_typography-font-size);--awb-caption-title-transform:var(--h2_typography-text-transform);--awb-caption-title-line-height:var(--h2_typography-line-height);--awb-caption-title-letter-spacing:var(--h2_typography-letter-spacing);\"><span class=\" fusion-imageframe imageframe-none imageframe-1 hover-type-none\"><img decoding=\"async\" width=\"974\" height=\"644\" alt=\"Gr\u00e1fica 5: Tasas de fecundidad por a\u00f1o y grupo de edad, 1950-2022\" title=\"Gra\u0301fica_5_Tasas_de_fecundidad_por_an\u0303o_y_grupo_de_edad\" src=\"https:\/\/demografia-bbc.hpcf.upr.edu\/wordpress\/wp-content\/uploads\/2025\/02\/Gra\u0301fica_5_Tasas_de_fecundidad_por_an\u0303o_y_grupo_de_edad.png\" data-orig-src=\"https:\/\/demografia-bbc.hpcf.upr.edu\/wordpress\/wp-content\/uploads\/2025\/02\/Gra\u0301fica_5_Tasas_de_fecundidad_por_an\u0303o_y_grupo_de_edad.png\" class=\"lazyload img-responsive wp-image-1417\" srcset=\"data:image\/svg+xml,%3Csvg%20xmlns%3D%27http%3A%2F%2Fwww.w3.org%2F2000%2Fsvg%27%20width%3D%27974%27%20height%3D%27644%27%20viewBox%3D%270%200%20974%20644%27%3E%3Crect%20width%3D%27974%27%20height%3D%27644%27%20fill-opacity%3D%220%22%2F%3E%3C%2Fsvg%3E\" data-srcset=\"https:\/\/demografia-bbc.hpcf.upr.edu\/wordpress\/wp-content\/uploads\/2025\/02\/Gra\u0301fica_5_Tasas_de_fecundidad_por_an\u0303o_y_grupo_de_edad-200x132.png 200w, https:\/\/demografia-bbc.hpcf.upr.edu\/wordpress\/wp-content\/uploads\/2025\/02\/Gra\u0301fica_5_Tasas_de_fecundidad_por_an\u0303o_y_grupo_de_edad-400x264.png 400w, https:\/\/demografia-bbc.hpcf.upr.edu\/wordpress\/wp-content\/uploads\/2025\/02\/Gra\u0301fica_5_Tasas_de_fecundidad_por_an\u0303o_y_grupo_de_edad-600x397.png 600w, https:\/\/demografia-bbc.hpcf.upr.edu\/wordpress\/wp-content\/uploads\/2025\/02\/Gra\u0301fica_5_Tasas_de_fecundidad_por_an\u0303o_y_grupo_de_edad-800x529.png 800w, https:\/\/demografia-bbc.hpcf.upr.edu\/wordpress\/wp-content\/uploads\/2025\/02\/Gra\u0301fica_5_Tasas_de_fecundidad_por_an\u0303o_y_grupo_de_edad.png 974w\" data-sizes=\"auto\" data-orig-sizes=\"(max-width: 640px) 100vw, 600px\" \/><\/span><\/div><\/div><\/div><div class=\"fusion-layout-column fusion_builder_column_inner fusion-builder-nested-column-1 fusion_builder_column_inner_1_2 1_2 fusion-flex-column\" style=\"--awb-bg-size:cover;--awb-width-large:50%;--awb-margin-top-large:0px;--awb-spacing-right-large:3.84%;--awb-margin-bottom-large:20px;--awb-spacing-left-large:3.84%;--awb-width-medium:50%;--awb-order-medium:0;--awb-spacing-right-medium:3.84%;--awb-spacing-left-medium:3.84%;--awb-width-small:100%;--awb-order-small:0;--awb-spacing-right-small:1.92%;--awb-spacing-left-small:1.92%;\"><div class=\"fusion-column-wrapper fusion-column-has-shadow fusion-flex-justify-content-flex-start fusion-content-layout-column\"><div class=\"fusion-text fusion-text-4\"><h6 style=\"text-align: center;\">Gr\u00e1fica 6: Tasas de fecundidad por a\u00f1o y grupo de edad,<br \/>\n1979-2022<\/h6>\n<\/div><div class=\"fusion-image-element \" style=\"--awb-caption-title-font-family:var(--h2_typography-font-family);--awb-caption-title-font-weight:var(--h2_typography-font-weight);--awb-caption-title-font-style:var(--h2_typography-font-style);--awb-caption-title-size:var(--h2_typography-font-size);--awb-caption-title-transform:var(--h2_typography-text-transform);--awb-caption-title-line-height:var(--h2_typography-line-height);--awb-caption-title-letter-spacing:var(--h2_typography-letter-spacing);\"><span class=\" fusion-imageframe imageframe-none imageframe-2 hover-type-none\"><img decoding=\"async\" width=\"974\" height=\"644\" alt=\"Gr\u00e1fica 5: Tasas de fecundidad por a\u00f1o y grupo de edad, 1950-2022\" title=\"Gra\u0301fica_5_Tasas_de_fecundidad_por_an\u0303o_y_grupo_de_edad\" src=\"https:\/\/demografia-bbc.hpcf.upr.edu\/wordpress\/wp-content\/uploads\/2025\/02\/Gra\u0301fica_5_Tasas_de_fecundidad_por_an\u0303o_y_grupo_de_edad.png\" data-orig-src=\"https:\/\/demografia-bbc.hpcf.upr.edu\/wordpress\/wp-content\/uploads\/2025\/02\/Gra\u0301fica_5_Tasas_de_fecundidad_por_an\u0303o_y_grupo_de_edad.png\" class=\"lazyload img-responsive wp-image-1417\" srcset=\"data:image\/svg+xml,%3Csvg%20xmlns%3D%27http%3A%2F%2Fwww.w3.org%2F2000%2Fsvg%27%20width%3D%27974%27%20height%3D%27644%27%20viewBox%3D%270%200%20974%20644%27%3E%3Crect%20width%3D%27974%27%20height%3D%27644%27%20fill-opacity%3D%220%22%2F%3E%3C%2Fsvg%3E\" data-srcset=\"https:\/\/demografia-bbc.hpcf.upr.edu\/wordpress\/wp-content\/uploads\/2025\/02\/Gra\u0301fica_5_Tasas_de_fecundidad_por_an\u0303o_y_grupo_de_edad-200x132.png 200w, https:\/\/demografia-bbc.hpcf.upr.edu\/wordpress\/wp-content\/uploads\/2025\/02\/Gra\u0301fica_5_Tasas_de_fecundidad_por_an\u0303o_y_grupo_de_edad-400x264.png 400w, https:\/\/demografia-bbc.hpcf.upr.edu\/wordpress\/wp-content\/uploads\/2025\/02\/Gra\u0301fica_5_Tasas_de_fecundidad_por_an\u0303o_y_grupo_de_edad-600x397.png 600w, https:\/\/demografia-bbc.hpcf.upr.edu\/wordpress\/wp-content\/uploads\/2025\/02\/Gra\u0301fica_5_Tasas_de_fecundidad_por_an\u0303o_y_grupo_de_edad-800x529.png 800w, https:\/\/demografia-bbc.hpcf.upr.edu\/wordpress\/wp-content\/uploads\/2025\/02\/Gra\u0301fica_5_Tasas_de_fecundidad_por_an\u0303o_y_grupo_de_edad.png 974w\" data-sizes=\"auto\" data-orig-sizes=\"(max-width: 640px) 100vw, 600px\" \/><\/span><\/div><\/div><\/div><\/div><div class=\"fusion-text fusion-text-5\"><p>Se realiz\u00f3 una encuesta telef\u00f3nica de intenciones reproductivas a un total de 1,147 personas entre 18-44 a\u00f1os de edad; 812 mujeres y 335 hombres. A continuaci\u00f3n, se enumeran algunos resultados preliminares:<\/p>\n<ul>\n<li>De las mujeres entrevistadas el <strong>51%<\/strong> report\u00f3 tener hijos.<\/li>\n<li>Entre las mujeres entrevistadas con hijos el <strong>85%<\/strong> planean no tener m\u00e1s hijos en el futuro.<\/li>\n<li>Entre las mujeres que a\u00fan no tienen hijos, el <strong>59%<\/strong> planea tener hijos en el futuro, un <strong>30%<\/strong> indica que no planea tener hijos y un 10% indica que a\u00fan no lo sabe.<\/li>\n<li>Entre las mujeres que tienen hijos, la primera raz\u00f3n reportada para no tener m\u00e1s hijos es la econom\u00eda.<\/li>\n<li>La primera raz\u00f3n mencionada para no tener hijos entre las mujeres que afirmaron NO desear hijos es la preparaci\u00f3n para ser padre \/ No tener inter\u00e9s en ser padre.<\/li>\n<li>El n\u00famero ideal de hijos para las mujeres que no los tienen a\u00fan pero planean tenerlos es de 2 hijos para un <strong>59%<\/strong> .<\/li>\n<\/ul>\n<\/div><\/div><\/div><div class=\"fusion-layout-column fusion_builder_column fusion-builder-column-1 fusion_builder_column_1_2 1_2 fusion-flex-column\" style=\"--awb-bg-size:cover;--awb-width-large:50%;--awb-margin-top-large:0px;--awb-spacing-right-large:3.84%;--awb-margin-bottom-large:20px;--awb-spacing-left-large:3.84%;--awb-width-medium:50%;--awb-order-medium:0;--awb-spacing-right-medium:3.84%;--awb-spacing-left-medium:3.84%;--awb-width-small:100%;--awb-order-small:0;--awb-spacing-right-small:1.92%;--awb-spacing-left-small:1.92%;\"><div class=\"fusion-column-wrapper fusion-column-has-shadow fusion-flex-justify-content-flex-start fusion-content-layout-column\">\n<div class=\"table-2\">\n<h6 style=\"text-align: center;\"><span style=\"text-align: center;\">Distribuci\u00f3n de mujeres de acuerdo a si tienen hijos<\/span><\/h6>\n<table width=\"100%\">\n<thead>\n<tr>\n<th align=\"left\">Tienen hijos<\/th>\n<th align=\"left\">Tienen hijos<\/th>\n<th align=\"left\">No tienen hijos<\/th>\n<th align=\"left\">Total<\/th>\n<th align=\"left\">% no tienen hijos en 1995<\/th>\n<\/tr>\n<\/thead>\n<tbody>\n<tr>\n<td align=\"left\">18-24<\/td>\n<td align=\"left\">21.4<\/td>\n<td align=\"left\">78.6<\/td>\n<td align=\"left\">100.00<\/td>\n<td align=\"left\">&#8211;<\/td>\n<\/tr>\n<tr>\n<td align=\"left\">25-29<\/td>\n<td align=\"left\">38.0<\/td>\n<td align=\"left\">62.0<\/td>\n<td align=\"left\">100.00<\/td>\n<td align=\"left\">26.1<\/td>\n<\/tr>\n<tr>\n<td align=\"left\">30-34<\/td>\n<td align=\"left\">59.0<\/td>\n<td align=\"left\">41.0<\/td>\n<td align=\"left\">100.00<\/td>\n<td align=\"left\">14.5<\/td>\n<\/tr>\n<tr>\n<td align=\"left\">35-39<\/td>\n<td align=\"left\">70.1<\/td>\n<td align=\"left\">29.9<\/td>\n<td align=\"left\">100.00<\/td>\n<td align=\"left\">10.5<\/td>\n<\/tr>\n<tr>\n<td align=\"left\">40-44<\/td>\n<td align=\"left\">72.8<\/td>\n<td align=\"left\">27.2<\/td>\n<td align=\"left\">100.00<\/td>\n<td align=\"left\">9.67<\/td>\n<\/tr>\n<tr>\n<td align=\"left\">Total:<\/td>\n<td align=\"left\">51.1<\/td>\n<td align=\"left\">48.9<\/td>\n<td align=\"left\">100.00<\/td>\n<td align=\"left\"><\/td>\n<\/tr>\n<\/tbody>\n<\/table>\n<\/div>\n<\/div><\/div><div class=\"fusion-layout-column fusion_builder_column fusion-builder-column-2 fusion_builder_column_1_2 1_2 fusion-flex-column\" style=\"--awb-bg-size:cover;--awb-width-large:50%;--awb-margin-top-large:0px;--awb-spacing-right-large:3.84%;--awb-margin-bottom-large:20px;--awb-spacing-left-large:3.84%;--awb-width-medium:50%;--awb-order-medium:0;--awb-spacing-right-medium:3.84%;--awb-spacing-left-medium:3.84%;--awb-width-small:100%;--awb-order-small:0;--awb-spacing-right-small:1.92%;--awb-spacing-left-small:1.92%;\"><div class=\"fusion-column-wrapper fusion-column-has-shadow fusion-flex-justify-content-flex-start fusion-content-layout-column\">\n<div class=\"table-2\">\n<h6 style=\"text-align: center;\"><span style=\"text-align: center;\">Promedio de hijos por mujer (18-44 a\u00f1os)<\/span><\/h6>\n<table width=\"100%\">\n<thead>\n<tr>\n<th align=\"left\">Tienen hijos<\/th>\n<th align=\"left\">Tienen hijos<\/th>\n<\/tr>\n<\/thead>\n<tbody>\n<tr>\n<td align=\"left\">18-24<\/td>\n<td align=\"left\">0.31<\/td>\n<\/tr>\n<tr>\n<td align=\"left\">25-29<\/td>\n<td align=\"left\">0.69<\/td>\n<\/tr>\n<tr>\n<td align=\"left\">30-34<\/td>\n<td align=\"left\">1.00<\/td>\n<\/tr>\n<tr>\n<td align=\"left\">35-39<\/td>\n<td align=\"left\">1.30<\/td>\n<\/tr>\n<tr>\n<td align=\"left\">40-44<\/td>\n<td align=\"left\">1.50<\/td>\n<\/tr>\n<tr>\n<td align=\"left\">Total:<\/td>\n<td align=\"left\">0.94<\/td>\n<\/tr>\n<\/tbody>\n<\/table>\n<\/div>\n<\/div><\/div><div class=\"fusion-layout-column fusion_builder_column fusion-builder-column-3 fusion_builder_column_1_1 1_1 fusion-flex-column\" style=\"--awb-bg-size:cover;--awb-width-large:100%;--awb-margin-top-large:0px;--awb-spacing-right-large:1.92%;--awb-margin-bottom-large:20px;--awb-spacing-left-large:1.92%;--awb-width-medium:100%;--awb-order-medium:0;--awb-spacing-right-medium:1.92%;--awb-spacing-left-medium:1.92%;--awb-width-small:100%;--awb-order-small:0;--awb-spacing-right-small:1.92%;--awb-spacing-left-small:1.92%;\"><div class=\"fusion-column-wrapper fusion-column-has-shadow fusion-flex-justify-content-flex-start fusion-content-layout-column\"><div class=\"fusion-text fusion-text-6\" style=\"--awb-margin-top:35px;\"><p>No se prev\u00e9 que la fecundidad vaya a aumentar significativamente. La trayectoria m\u00e1s probable es que se mantenga en niveles muy bajos similares a los actuales.<\/p>\n<\/div><\/div><\/div><\/div><\/div><div class=\"fusion-fullwidth fullwidth-box fusion-builder-row-2 fusion-flex-container nonhundred-percent-fullwidth non-hundred-percent-height-scrolling\" style=\"--awb-border-radius-top-left:0px;--awb-border-radius-top-right:0px;--awb-border-radius-bottom-right:0px;--awb-border-radius-bottom-left:0px;--awb-padding-top:90px;--awb-padding-bottom:90px;--awb-padding-top-small:60px;--awb-flex-wrap:wrap;\" ><div class=\"fusion-builder-row fusion-row fusion-flex-align-items-flex-start fusion-flex-content-wrap\" style=\"max-width:1248px;margin-left: calc(-4% \/ 2 );margin-right: calc(-4% \/ 2 );\"><div class=\"fusion-layout-column fusion_builder_column fusion-builder-column-4 fusion_builder_column_1_1 1_1 fusion-flex-column\" style=\"--awb-bg-size:cover;--awb-width-large:100%;--awb-margin-top-large:0px;--awb-spacing-right-large:1.92%;--awb-margin-bottom-large:20px;--awb-spacing-left-large:1.92%;--awb-width-medium:100%;--awb-order-medium:0;--awb-spacing-right-medium:1.92%;--awb-spacing-left-medium:1.92%;--awb-width-small:100%;--awb-order-small:0;--awb-spacing-right-small:1.92%;--awb-spacing-left-small:1.92%;\"><div class=\"fusion-column-wrapper fusion-column-has-shadow fusion-flex-justify-content-flex-start fusion-content-layout-column\"><div class=\"fusion-text fusion-text-7\"><h4>Reportes y Publicaciones<\/h4>\n<\/div><div class=\"fusion-recent-posts fusion-recent-posts-1 avada-container layout-default layout-columns-3\"><section class=\"fusion-columns columns fusion-columns-3 columns-3\"><article class=\"post fusion-column column col col-lg-4 col-md-4 col-sm-4\"><div class=\"fusion-flexslider fusion-flexslider-loading flexslider flexslider-hover-type-none\"><ul class=\"slides\"><li><a href=\"https:\/\/demografia-bbc.hpcf.upr.edu\/wordpress\/2025\/01\/18\/a-bayesian-projection-of-the-total-fertility-rate-of-puerto-rico-2020-2050-cloned\/\" aria-label=\"A Bayesian Projection of the Total Fertility Rate of Puerto Rico: 2020-2050\" class=\"hover-type-none\"><img decoding=\"async\" width=\"700\" height=\"441\" src=\"https:\/\/demografia-bbc.hpcf.upr.edu\/wordpress\/wp-content\/uploads\/2024\/11\/Fertilidad-700x441.jpg\" class=\"attachment-recent-posts size-recent-posts lazyload\" alt=\"Fertilidad\" srcset=\"data:image\/svg+xml,%3Csvg%20xmlns%3D%27http%3A%2F%2Fwww.w3.org%2F2000%2Fsvg%27%20width%3D%271500%27%20height%3D%271070%27%20viewBox%3D%270%200%201500%201070%27%3E%3Crect%20width%3D%271500%27%20height%3D%271070%27%20fill-opacity%3D%220%22%2F%3E%3C%2Fsvg%3E\" data-orig-src=\"https:\/\/demografia-bbc.hpcf.upr.edu\/wordpress\/wp-content\/uploads\/2024\/11\/Fertilidad-700x441.jpg\" data-srcset=\"https:\/\/demografia-bbc.hpcf.upr.edu\/wordpress\/wp-content\/uploads\/2024\/11\/Fertilidad-320x202.jpg 320w, https:\/\/demografia-bbc.hpcf.upr.edu\/wordpress\/wp-content\/uploads\/2024\/11\/Fertilidad-700x441.jpg 700w\" data-sizes=\"auto\" \/><\/a><\/li><\/ul><\/div><div class=\"recent-posts-content\"><span class=\"vcard\" style=\"display: none;\"><span class=\"fn\"><a href=\"https:\/\/demografia-bbc.hpcf.upr.edu\/wordpress\/author\/amercado\/\" title=\"Posts by amercado\" rel=\"author\">amercado<\/a><\/span><\/span><span class=\"updated\" style=\"display:none;\">2025-01-18T01:30:44+00:00<\/span><h5 class=\"entry-title\"><a href=\"https:\/\/demografia-bbc.hpcf.upr.edu\/wordpress\/2025\/01\/18\/a-bayesian-projection-of-the-total-fertility-rate-of-puerto-rico-2020-2050-cloned\/\">A Bayesian Projection of the Total Fertility Rate of Puerto Rico: 2020-2050<\/a><\/h5><p class=\"meta\"><span class=\"vcard\" style=\"display: none;\"><span class=\"fn\"><a href=\"https:\/\/demografia-bbc.hpcf.upr.edu\/wordpress\/author\/amercado\/\" title=\"Posts by amercado\" rel=\"author\">amercado<\/a><\/span><\/span><span class=\"updated\" style=\"display:none;\">2025-01-18T01:30:44+00:00<\/span><span>January 18, 2025<\/span><span class=\"fusion-inline-sep\">|<\/span><span class=\"fusion-comments\"><a href=\"https:\/\/demografia-bbc.hpcf.upr.edu\/wordpress\/2025\/01\/18\/a-bayesian-projection-of-the-total-fertility-rate-of-puerto-rico-2020-2050-cloned\/#respond\">0 Comments<\/a><\/span><\/p><p> Ang\u00e9lica M. Rosario-Santos, PhD, MSc Luis Pericchi-Guerra, PhD Hernando Mattei, PhD  Objective: The abrupt decline in the Total Fertility Rate (TFR) of Puerto Rico to 0.9 children per woman, well below the replacement ...<\/p><\/div><\/article><\/section><\/div><\/div><\/div><\/div><\/div><\/p>\n","protected":false},"excerpt":{"rendered":"","protected":false},"author":3,"featured_media":0,"parent":919,"menu_order":0,"comment_status":"closed","ping_status":"closed","template":"100-width.php","meta":{"footnotes":""},"class_list":["post-935","page","type-page","status-publish","hentry"],"_links":{"self":[{"href":"https:\/\/demografia-bbc.hpcf.upr.edu\/wordpress\/wp-json\/wp\/v2\/pages\/935","targetHints":{"allow":["GET"]}}],"collection":[{"href":"https:\/\/demografia-bbc.hpcf.upr.edu\/wordpress\/wp-json\/wp\/v2\/pages"}],"about":[{"href":"https:\/\/demografia-bbc.hpcf.upr.edu\/wordpress\/wp-json\/wp\/v2\/types\/page"}],"author":[{"embeddable":true,"href":"https:\/\/demografia-bbc.hpcf.upr.edu\/wordpress\/wp-json\/wp\/v2\/users\/3"}],"replies":[{"embeddable":true,"href":"https:\/\/demografia-bbc.hpcf.upr.edu\/wordpress\/wp-json\/wp\/v2\/comments?post=935"}],"version-history":[{"count":32,"href":"https:\/\/demografia-bbc.hpcf.upr.edu\/wordpress\/wp-json\/wp\/v2\/pages\/935\/revisions"}],"predecessor-version":[{"id":1443,"href":"https:\/\/demografia-bbc.hpcf.upr.edu\/wordpress\/wp-json\/wp\/v2\/pages\/935\/revisions\/1443"}],"up":[{"embeddable":true,"href":"https:\/\/demografia-bbc.hpcf.upr.edu\/wordpress\/wp-json\/wp\/v2\/pages\/919"}],"wp:attachment":[{"href":"https:\/\/demografia-bbc.hpcf.upr.edu\/wordpress\/wp-json\/wp\/v2\/media?parent=935"}],"curies":[{"name":"wp","href":"https:\/\/api.w.org\/{rel}","templated":true}]}}