{"id":1038,"date":"2024-11-26T13:22:41","date_gmt":"2024-11-26T13:22:41","guid":{"rendered":"https:\/\/demografia-bbc.hpcf.upr.edu\/wordpress\/?page_id=1038"},"modified":"2025-02-18T19:20:56","modified_gmt":"2025-02-18T19:20:56","slug":"impacto-economico","status":"publish","type":"page","link":"https:\/\/demografia-bbc.hpcf.upr.edu\/wordpress\/case-studies\/impacto-economico\/","title":{"rendered":"Impacto Econ\u00f3mico"},"content":{"rendered":"<div class=\"fusion-fullwidth fullwidth-box fusion-builder-row-1 fusion-flex-container nonhundred-percent-fullwidth non-hundred-percent-height-scrolling\" style=\"--awb-border-radius-top-left:0px;--awb-border-radius-top-right:0px;--awb-border-radius-bottom-right:0px;--awb-border-radius-bottom-left:0px;--awb-padding-top:90px;--awb-padding-bottom:90px;--awb-padding-top-small:60px;--awb-flex-wrap:wrap;\" ><div class=\"fusion-builder-row fusion-row fusion-flex-align-items-flex-start fusion-flex-content-wrap\" style=\"max-width:1248px;margin-left: calc(-4% \/ 2 );margin-right: calc(-4% \/ 2 );\"><div class=\"fusion-layout-column fusion_builder_column fusion-builder-column-0 fusion_builder_column_1_1 1_1 fusion-flex-column\" style=\"--awb-bg-size:cover;--awb-width-large:100%;--awb-margin-top-large:0px;--awb-spacing-right-large:1.92%;--awb-margin-bottom-large:20px;--awb-spacing-left-large:1.92%;--awb-width-medium:100%;--awb-order-medium:0;--awb-spacing-right-medium:1.92%;--awb-spacing-left-medium:1.92%;--awb-width-small:100%;--awb-order-small:0;--awb-spacing-right-small:1.92%;--awb-spacing-left-small:1.92%;\"><div class=\"fusion-column-wrapper fusion-column-has-shadow fusion-flex-justify-content-flex-start fusion-content-layout-column\"><div class=\"fusion-text fusion-text-1\"><p>Esta secci\u00f3n se concentra en 2 t\u00f3picos principales: a) la econom\u00eda de Puerto Rico, b) poblaci\u00f3n estudiantil, con \u00e9nfasis en el sistema de universidades, y particularmente en la Universidad de Puerto Rico (UPR). El esfuerzo gir\u00f3 en torno a 3 objetivos principales: Propuesta para un programa especial de desarrollo de los Estados Unidos dirigido a sus territorios y especialmente para Puerto Rico, propuesta para un nuevo modelo de desarrollo para Puerto Rico y propuesta para la autosu\ufb01ciencia, competencia acad\u00e9mica y gerencial de la Universidad de Puerto Rico. Luego de todo el trabajo de campo, se presentar\u00e1n en la<br \/>\n\u00faltima secci\u00f3n las recomendaciones de pol\u00edtica p\u00fablica en esta etapa de la investigaci\u00f3n (el trabajo continuar\u00e1 el pr\u00f3ximo a\u00f1o) son las siguientes: desarrollo econ\u00f3mico, Universidad de Puerto Rico y v\u00ednculos con el gobierno federal.<\/p>\n<\/div><\/div><\/div><\/div><\/div>\n","protected":false},"excerpt":{"rendered":"","protected":false},"author":3,"featured_media":0,"parent":919,"menu_order":0,"comment_status":"closed","ping_status":"closed","template":"100-width.php","meta":{"footnotes":""},"class_list":["post-1038","page","type-page","status-publish","hentry"],"_links":{"self":[{"href":"https:\/\/demografia-bbc.hpcf.upr.edu\/wordpress\/wp-json\/wp\/v2\/pages\/1038","targetHints":{"allow":["GET"]}}],"collection":[{"href":"https:\/\/demografia-bbc.hpcf.upr.edu\/wordpress\/wp-json\/wp\/v2\/pages"}],"about":[{"href":"https:\/\/demografia-bbc.hpcf.upr.edu\/wordpress\/wp-json\/wp\/v2\/types\/page"}],"author":[{"embeddable":true,"href":"https:\/\/demografia-bbc.hpcf.upr.edu\/wordpress\/wp-json\/wp\/v2\/users\/3"}],"replies":[{"embeddable":true,"href":"https:\/\/demografia-bbc.hpcf.upr.edu\/wordpress\/wp-json\/wp\/v2\/comments?post=1038"}],"version-history":[{"count":2,"href":"https:\/\/demografia-bbc.hpcf.upr.edu\/wordpress\/wp-json\/wp\/v2\/pages\/1038\/revisions"}],"predecessor-version":[{"id":1446,"href":"https:\/\/demografia-bbc.hpcf.upr.edu\/wordpress\/wp-json\/wp\/v2\/pages\/1038\/revisions\/1446"}],"up":[{"embeddable":true,"href":"https:\/\/demografia-bbc.hpcf.upr.edu\/wordpress\/wp-json\/wp\/v2\/pages\/919"}],"wp:attachment":[{"href":"https:\/\/demografia-bbc.hpcf.upr.edu\/wordpress\/wp-json\/wp\/v2\/media?parent=1038"}],"curies":[{"name":"wp","href":"https:\/\/api.w.org\/{rel}","templated":true}]}}