{"id":1037,"date":"2024-11-26T13:23:07","date_gmt":"2024-11-26T13:23:07","guid":{"rendered":"https:\/\/demografia-bbc.hpcf.upr.edu\/wordpress\/?page_id=1037"},"modified":"2025-02-18T19:24:15","modified_gmt":"2025-02-18T19:24:15","slug":"urbanismo-re-urbanismo","status":"publish","type":"page","link":"https:\/\/demografia-bbc.hpcf.upr.edu\/wordpress\/case-studies\/urbanismo-re-urbanismo\/","title":{"rendered":"Urbanismo \/ Re-urbanismo"},"content":{"rendered":"<div class=\"fusion-fullwidth fullwidth-box fusion-builder-row-1 fusion-flex-container nonhundred-percent-fullwidth non-hundred-percent-height-scrolling\" style=\"--awb-border-radius-top-left:0px;--awb-border-radius-top-right:0px;--awb-border-radius-bottom-right:0px;--awb-border-radius-bottom-left:0px;--awb-padding-top:90px;--awb-padding-bottom:90px;--awb-padding-top-small:60px;--awb-flex-wrap:wrap;\" ><div class=\"fusion-builder-row fusion-row fusion-flex-align-items-flex-start fusion-flex-content-wrap\" style=\"max-width:1248px;margin-left: calc(-4% \/ 2 );margin-right: calc(-4% \/ 2 );\"><div class=\"fusion-layout-column fusion_builder_column fusion-builder-column-0 fusion_builder_column_1_1 1_1 fusion-flex-column\" style=\"--awb-bg-size:cover;--awb-width-large:100%;--awb-margin-top-large:0px;--awb-spacing-right-large:1.92%;--awb-margin-bottom-large:20px;--awb-spacing-left-large:1.92%;--awb-width-medium:100%;--awb-order-medium:0;--awb-spacing-right-medium:1.92%;--awb-spacing-left-medium:1.92%;--awb-width-small:100%;--awb-order-small:0;--awb-spacing-right-small:1.92%;--awb-spacing-left-small:1.92%;\"><div class=\"fusion-column-wrapper fusion-column-has-shadow fusion-flex-justify-content-flex-start fusion-content-layout-column\"><div class=\"fusion-text fusion-text-1\"><p>Esta secci\u00f3n presenta un an\u00e1lisis detallado de la relaci\u00f3n entre patrones de urbanismo y din\u00e1micas poblacionales a trav\u00e9s de 2 objetos de estudio: la vivienda y la transportaci\u00f3n. El an\u00e1lisis cubre mayormente el periodo entre 2010 y 2023. En cuanto a vivienda se refiere, los hallazgos arrojan que el envejecimiento de la poblaci\u00f3n de Puerto Rico refleja tendencias at\u00edpicas en el uso de la vivienda, la vivienda de alquiler es de gran importancia para distintos segmentos de la poblaci\u00f3n y la vivienda construida en 1979 o antes es un acervo importante para la poblaci\u00f3n inquilina y de edad avanzada. En materia de transportaci\u00f3n, el an\u00e1lisis refleja que el desparrame urbano obliga casi exclusivamente a la dependencia abrumadora del autom\u00f3vil privado para lograr acceder empleos en Puerto Rico. Tambi\u00e9n, refleja la pobre priorizaci\u00f3n al transporte p\u00fablico como alternativa viable para una mayor\u00eda absoluta de la clase trabajadora del archipi\u00e9lago.<\/p>\n<\/div><\/div><\/div><\/div><\/div>\n","protected":false},"excerpt":{"rendered":"","protected":false},"author":3,"featured_media":0,"parent":919,"menu_order":0,"comment_status":"closed","ping_status":"closed","template":"100-width.php","meta":{"footnotes":""},"class_list":["post-1037","page","type-page","status-publish","hentry"],"_links":{"self":[{"href":"https:\/\/demografia-bbc.hpcf.upr.edu\/wordpress\/wp-json\/wp\/v2\/pages\/1037","targetHints":{"allow":["GET"]}}],"collection":[{"href":"https:\/\/demografia-bbc.hpcf.upr.edu\/wordpress\/wp-json\/wp\/v2\/pages"}],"about":[{"href":"https:\/\/demografia-bbc.hpcf.upr.edu\/wordpress\/wp-json\/wp\/v2\/types\/page"}],"author":[{"embeddable":true,"href":"https:\/\/demografia-bbc.hpcf.upr.edu\/wordpress\/wp-json\/wp\/v2\/users\/3"}],"replies":[{"embeddable":true,"href":"https:\/\/demografia-bbc.hpcf.upr.edu\/wordpress\/wp-json\/wp\/v2\/comments?post=1037"}],"version-history":[{"count":2,"href":"https:\/\/demografia-bbc.hpcf.upr.edu\/wordpress\/wp-json\/wp\/v2\/pages\/1037\/revisions"}],"predecessor-version":[{"id":1447,"href":"https:\/\/demografia-bbc.hpcf.upr.edu\/wordpress\/wp-json\/wp\/v2\/pages\/1037\/revisions\/1447"}],"up":[{"embeddable":true,"href":"https:\/\/demografia-bbc.hpcf.upr.edu\/wordpress\/wp-json\/wp\/v2\/pages\/919"}],"wp:attachment":[{"href":"https:\/\/demografia-bbc.hpcf.upr.edu\/wordpress\/wp-json\/wp\/v2\/media?parent=1037"}],"curies":[{"name":"wp","href":"https:\/\/api.w.org\/{rel}","templated":true}]}}