{"id":1036,"date":"2024-11-26T13:22:22","date_gmt":"2024-11-26T13:22:22","guid":{"rendered":"https:\/\/demografia-bbc.hpcf.upr.edu\/wordpress\/?page_id=1036"},"modified":"2025-02-18T19:18:38","modified_gmt":"2025-02-18T19:18:38","slug":"salud","status":"publish","type":"page","link":"https:\/\/demografia-bbc.hpcf.upr.edu\/wordpress\/case-studies\/salud\/","title":{"rendered":"Salud"},"content":{"rendered":"<div class=\"fusion-fullwidth fullwidth-box fusion-builder-row-1 fusion-flex-container nonhundred-percent-fullwidth non-hundred-percent-height-scrolling\" style=\"--awb-border-radius-top-left:0px;--awb-border-radius-top-right:0px;--awb-border-radius-bottom-right:0px;--awb-border-radius-bottom-left:0px;--awb-padding-top:90px;--awb-padding-bottom:90px;--awb-padding-top-small:60px;--awb-flex-wrap:wrap;\" ><div class=\"fusion-builder-row fusion-row fusion-flex-align-items-flex-start fusion-flex-content-wrap\" style=\"max-width:1248px;margin-left: calc(-4% \/ 2 );margin-right: calc(-4% \/ 2 );\"><div class=\"fusion-layout-column fusion_builder_column fusion-builder-column-0 fusion_builder_column_1_1 1_1 fusion-flex-column\" style=\"--awb-bg-size:cover;--awb-width-large:100%;--awb-margin-top-large:0px;--awb-spacing-right-large:1.92%;--awb-margin-bottom-large:20px;--awb-spacing-left-large:1.92%;--awb-width-medium:100%;--awb-order-medium:0;--awb-spacing-right-medium:1.92%;--awb-spacing-left-medium:1.92%;--awb-width-small:100%;--awb-order-small:0;--awb-spacing-right-small:1.92%;--awb-spacing-left-small:1.92%;\"><div class=\"fusion-column-wrapper fusion-column-has-shadow fusion-flex-justify-content-flex-start fusion-content-layout-column\"><div class=\"fusion-text fusion-text-1\"><p>En esta secci\u00f3n se presentan dos aspectos muy importantes sobre el tema de salud en Puerto Rico El primer reporte resume el Perfil de salud en la poblaci\u00f3n de edad avanzada en Puerto Rico, 2017-2022 en el cual, entre otras tareas, se estudia de forma abarcadora la P\u00e1gina 28 de 39 prevalencia de enfermedades cr\u00f3nicas. Entre las enfermedades cr\u00f3nicas, la artritis, el sobrepeso y los des\u00f3rdenes depresivos han aumentado, afectando principalmente a las personas del sexo femenino. Estas condiciones, junto con enfermedades cardiovasculares y metab\u00f3licas, reflejan los efectos del envejecimiento y cambios en estilos de vida. Estas tendencias subrayan la necesidad de programas preventivos enfocados en actividad f\u00edsica, manejo del peso y salud mental, con \u00e9nfasis en las personas del sexo femenino de mayor edad, as\u00ed como la detecci\u00f3n y el manejo temprano de enfermedades como diabetes, asma, condiciones reum\u00e1ticas y trastornos depresivos. Las principales causas de mortalidad en la poblaci\u00f3n de mayor edad incluyen enfermedades del coraz\u00f3n, tumores malignos, diabetes mellitus y enfermedad de Alzheimer, con diferencias entre ambos sexos. El segundo reporte presenta un an\u00e1lisis de los gastos de salud y proyecciones de estos hasta el 2032. Los resultados sugieren que el gasto total del sistema de salud experimentar\u00e1 un aumento sostenido equivalente a una tasa anual de crecimiento de cerca de un 4.0% entre el 2023 al 2032 y que el envejecimiento de la poblaci\u00f3n impondr\u00e1 una carga creciente en el sistema de salud.<\/p>\n<\/div><\/div><\/div><\/div><\/div>\n","protected":false},"excerpt":{"rendered":"","protected":false},"author":3,"featured_media":0,"parent":919,"menu_order":0,"comment_status":"closed","ping_status":"closed","template":"100-width.php","meta":{"footnotes":""},"class_list":["post-1036","page","type-page","status-publish","hentry"],"_links":{"self":[{"href":"https:\/\/demografia-bbc.hpcf.upr.edu\/wordpress\/wp-json\/wp\/v2\/pages\/1036","targetHints":{"allow":["GET"]}}],"collection":[{"href":"https:\/\/demografia-bbc.hpcf.upr.edu\/wordpress\/wp-json\/wp\/v2\/pages"}],"about":[{"href":"https:\/\/demografia-bbc.hpcf.upr.edu\/wordpress\/wp-json\/wp\/v2\/types\/page"}],"author":[{"embeddable":true,"href":"https:\/\/demografia-bbc.hpcf.upr.edu\/wordpress\/wp-json\/wp\/v2\/users\/3"}],"replies":[{"embeddable":true,"href":"https:\/\/demografia-bbc.hpcf.upr.edu\/wordpress\/wp-json\/wp\/v2\/comments?post=1036"}],"version-history":[{"count":2,"href":"https:\/\/demografia-bbc.hpcf.upr.edu\/wordpress\/wp-json\/wp\/v2\/pages\/1036\/revisions"}],"predecessor-version":[{"id":1445,"href":"https:\/\/demografia-bbc.hpcf.upr.edu\/wordpress\/wp-json\/wp\/v2\/pages\/1036\/revisions\/1445"}],"up":[{"embeddable":true,"href":"https:\/\/demografia-bbc.hpcf.upr.edu\/wordpress\/wp-json\/wp\/v2\/pages\/919"}],"wp:attachment":[{"href":"https:\/\/demografia-bbc.hpcf.upr.edu\/wordpress\/wp-json\/wp\/v2\/media?parent=1036"}],"curies":[{"name":"wp","href":"https:\/\/api.w.org\/{rel}","templated":true}]}}