{"id":1034,"date":"2024-11-26T13:20:33","date_gmt":"2024-11-26T13:20:33","guid":{"rendered":"https:\/\/demografia-bbc.hpcf.upr.edu\/wordpress\/?page_id=1034"},"modified":"2025-02-19T12:38:41","modified_gmt":"2025-02-19T12:38:41","slug":"migracion","status":"publish","type":"page","link":"https:\/\/demografia-bbc.hpcf.upr.edu\/wordpress\/case-studies\/migracion\/","title":{"rendered":"Migraci\u00f3n"},"content":{"rendered":"<div class=\"fusion-fullwidth fullwidth-box fusion-builder-row-1 fusion-flex-container nonhundred-percent-fullwidth non-hundred-percent-height-scrolling\" style=\"--awb-border-radius-top-left:0px;--awb-border-radius-top-right:0px;--awb-border-radius-bottom-right:0px;--awb-border-radius-bottom-left:0px;--awb-padding-top:90px;--awb-padding-bottom:90px;--awb-padding-top-small:60px;--awb-flex-wrap:wrap;\" ><div class=\"fusion-builder-row fusion-row fusion-flex-align-items-flex-start fusion-flex-content-wrap\" style=\"max-width:1248px;margin-left: calc(-4% \/ 2 );margin-right: calc(-4% \/ 2 );\"><div class=\"fusion-layout-column fusion_builder_column fusion-builder-column-0 fusion_builder_column_1_1 1_1 fusion-flex-column\" style=\"--awb-bg-size:cover;--awb-width-large:100%;--awb-margin-top-large:0px;--awb-spacing-right-large:1.92%;--awb-margin-bottom-large:20px;--awb-spacing-left-large:1.92%;--awb-width-medium:100%;--awb-order-medium:0;--awb-spacing-right-medium:1.92%;--awb-spacing-left-medium:1.92%;--awb-width-small:100%;--awb-order-small:0;--awb-spacing-right-small:1.92%;--awb-spacing-left-small:1.92%;\"><div class=\"fusion-column-wrapper fusion-column-has-shadow fusion-flex-justify-content-flex-start fusion-content-layout-column\"><div class=\"fusion-text fusion-text-1 fusion-text-no-margin\" style=\"--awb-margin-bottom:30px;\"><p>En esta secci\u00f3n se presenta un an\u00e1lisis detallado de las tendencias migratorias de Puerto Rico. En la primera parte, se muestra el n\u00famero de emigrantes e inmigrantes por edad y sexo desde 2002-2022 y se explica la metodolog\u00eda utilizada para calcular las tasas de migraci\u00f3n para este mismo periodo. En la segunda parte de este cap\u00edtulo, se describen las tendencias migratorias de Puerto Rico en relaci\u00f3n con los 50 estados. Se enfatiza el m\u00ednimo n\u00famero de inmigrantes que recibe Puerto Rico y se resaltan conclusiones importantes en cuanto a la migraci\u00f3n neta negativa reportada en 2005-2022. Finalmente, se provee un listado de recomendaciones de pol\u00edtica publicas basado en los datos y en literatura respecto a pol\u00edticas de migraci\u00f3n.<\/p>\n<\/div><div class=\"fusion-text fusion-text-2\"><p>En la Tabla 1 se resume la Migraci\u00f3n neta en Puerto Rico de 1899-2000. El flujo migratorio para los a\u00f1os 2005 al 2022 se presenta en la Tabla 2. Se debe se\u00f1alar que no est\u00e1n disponibles los datos del flujo migratorio para el a\u00f1o 2020.<\/p>\n<\/div>\n<div class=\"table-2\">\n<h6 class=\"p1\" style=\"text-align: center;\">Tabla 1: Migraci\u00f3n neta en Puerto Rico, 1899-2020<\/h6>\n<table style=\"height: 440px;\" width=\"70%\" align=\"center\">\n<thead>\n<tr>\n<th style=\"text-align: right;\" align=\"left\">Periodo<\/th>\n<th style=\"text-align: right;\" align=\"left\">Migrantes netos<\/th>\n<th style=\"text-align: right;\" align=\"left\">Tasa migraci\u00f3n netapor cada 1,000 personas<\/th>\n<\/tr>\n<\/thead>\n<tbody>\n<tr>\n<td style=\"text-align: right;\" align=\"left\">1899-1910<\/td>\n<td style=\"text-align: right;\" align=\"left\">-2,000<\/td>\n<td style=\"text-align: right;\" align=\"left\">-1.9<\/td>\n<\/tr>\n<tr>\n<td style=\"text-align: right;\" align=\"left\">1910-1920<\/td>\n<td style=\"text-align: right;\" align=\"left\">-11,000<\/td>\n<td style=\"text-align: right;\" align=\"left\">-9.1<\/td>\n<\/tr>\n<tr>\n<td style=\"text-align: right;\" align=\"left\">1920-1930<\/td>\n<td style=\"text-align: right;\" align=\"left\">-42,000<\/td>\n<td style=\"text-align: right;\" align=\"left\">-29.5<\/td>\n<\/tr>\n<tr>\n<td style=\"text-align: right;\" align=\"left\">1930-1940<\/td>\n<td style=\"text-align: right;\" align=\"left\">-18,000<\/td>\n<td style=\"text-align: right;\" align=\"left\">-10.5<\/td>\n<\/tr>\n<tr>\n<td style=\"text-align: right;\" align=\"left\">1940-1950<\/td>\n<td style=\"text-align: right;\" align=\"left\">-151,000<\/td>\n<td style=\"text-align: right;\" align=\"left\">-74.0<\/td>\n<\/tr>\n<tr>\n<td style=\"text-align: right;\" align=\"left\"><strong>1950-1960<\/strong><\/td>\n<td style=\"text-align: right;\" align=\"left\"><strong>-470,000<\/strong><\/td>\n<td style=\"text-align: right;\" align=\"left\"><strong>-206.1<\/strong><\/td>\n<\/tr>\n<tr>\n<td style=\"text-align: right;\" align=\"left\">1960-1970<\/td>\n<td style=\"text-align: right;\" align=\"left\">-214,000<\/td>\n<td style=\"text-align: right;\" align=\"left\">-84.6<\/td>\n<\/tr>\n<tr>\n<td style=\"text-align: right;\" align=\"left\">1970-1980<\/td>\n<td style=\"text-align: right;\" align=\"left\">-65,817<\/td>\n<td style=\"text-align: right;\" align=\"left\">-22.3<\/td>\n<\/tr>\n<tr>\n<td style=\"text-align: right;\" align=\"left\">1980-1990<\/td>\n<td style=\"text-align: right;\" align=\"left\">-116,571<\/td>\n<td style=\"text-align: right;\" align=\"left\">-34.7<\/td>\n<\/tr>\n<tr>\n<td style=\"text-align: right;\" align=\"left\">1990-2000<\/td>\n<td style=\"text-align: right;\" align=\"left\">-111,336<\/td>\n<td style=\"text-align: right;\" align=\"left\">-30.4<\/td>\n<\/tr>\n<tr>\n<td style=\"text-align: right;\" align=\"left\">2000-2010<\/td>\n<td style=\"text-align: right;\" align=\"left\">-116,103<\/td>\n<td style=\"text-align: right;\" align=\"left\">-30.8<\/td>\n<\/tr>\n<tr>\n<td style=\"text-align: right;\" align=\"left\"><strong>2010-2020<\/strong><\/td>\n<td style=\"text-align: right;\" align=\"left\"><strong>-455,928<\/strong><\/td>\n<td style=\"text-align: right;\" align=\"left\"><strong>-130.0<\/strong><\/td>\n<\/tr>\n<\/tbody>\n<\/table>\n<\/div>\n<div class=\"fusion-text fusion-text-3\" style=\"--awb-margin-top:30px;\"><p>Cabe destacar que, como se observa en la Tabla 1, aunque se registr\u00f3 una gran cantidad de emigrantes en el periodo de 1950-1960, la fecundidad era suficientemente alta como para compensar hasta cierto punto por la p\u00e9rdida de poblaci\u00f3n por emigraci\u00f3n. Aunque la migraci\u00f3n neta en la actualidad no es tan alta como en ese periodo, la baja fecundidad no permite esta compensaci\u00f3n. Como veremos m\u00e1s adelante, este n\u00famero de migrantes netos est\u00e1 m\u00e1s influenciado por la baja cantidad de inmigrantes que recibe Puerto Rico, en comparaci\u00f3n con los otros estados. En el Cap\u00edtulo 4 se expandir\u00e1 la discusi\u00f3n acerca de los flujos migratorios entre Puerto Rico y Estados Unidos<\/p>\n<\/div>\n<div class=\"table-2\">\n<h6 style=\"text-align: center;\">Tabla 2: Flujo migratorio en Puerto Rico, 2005-2022<\/h6>\n<table style=\"height: 440px;\" width=\"70%\" align=\"center\">\n<thead>\n<tr>\n<th style=\"text-align: right;\" align=\"left\">A\u00f1o<\/th>\n<th style=\"text-align: right;\" align=\"left\">Emigrantes<\/th>\n<th style=\"text-align: right;\" align=\"left\">Inmigrantes<\/th>\n<th style=\"text-align: right;\" align=\"left\">Migraci\u00f3n<br \/>\nNeta<\/th>\n<th style=\"text-align: right;\" align=\"left\">Inmigrantes<br \/>\nInterestatal<\/th>\n<th style=\"text-align: right;\" align=\"left\">Inmigrantes<br \/>\nExtranjero<\/th>\n<\/tr>\n<\/thead>\n<tbody>\n<tr>\n<td style=\"text-align: right;\" align=\"left\">2005<\/td>\n<td style=\"text-align: right;\" align=\"left\">46,406<\/td>\n<td style=\"text-align: right;\" align=\"left\">42,034<\/td>\n<td style=\"text-align: right;\" align=\"left\">-4,372<\/td>\n<td style=\"text-align: right;\" align=\"left\">34,088<\/td>\n<td style=\"text-align: right;\" align=\"left\">7,946<\/td>\n<\/tr>\n<tr>\n<td style=\"text-align: right;\" align=\"left\">2006<\/td>\n<td style=\"text-align: right;\" align=\"left\">65,268<\/td>\n<td style=\"text-align: right;\" align=\"left\">35,742<\/td>\n<td style=\"text-align: right;\" align=\"left\">-29,526<\/td>\n<td style=\"text-align: right;\" align=\"left\">30,499<\/td>\n<td style=\"text-align: right;\" align=\"left\">5,243<\/td>\n<\/tr>\n<tr>\n<td style=\"text-align: right;\" align=\"left\">2007<\/td>\n<td style=\"text-align: right;\" align=\"left\">59,424<\/td>\n<td style=\"text-align: right;\" align=\"left\">32,230<\/td>\n<td style=\"text-align: right;\" align=\"left\">-27,302<\/td>\n<td style=\"text-align: right;\" align=\"left\">26,872<\/td>\n<td style=\"text-align: right;\" align=\"left\">5,358<\/td>\n<\/tr>\n<tr>\n<td style=\"text-align: right;\" align=\"left\">2008<\/td>\n<td style=\"text-align: right;\" align=\"left\">58,424<\/td>\n<td style=\"text-align: right;\" align=\"left\">41,480<\/td>\n<td style=\"text-align: right;\" align=\"left\">-16,944<\/td>\n<td style=\"text-align: right;\" align=\"left\">35,761<\/td>\n<td style=\"text-align: right;\" align=\"left\">5,719<\/td>\n<\/tr>\n<tr>\n<td style=\"text-align: right;\" align=\"left\">2009<\/td>\n<td style=\"text-align: right;\" align=\"left\">61,254<\/td>\n<td style=\"text-align: right;\" align=\"left\">39,177<\/td>\n<td style=\"text-align: right;\" align=\"left\">-22,077<\/td>\n<td style=\"text-align: right;\" align=\"left\">34,077<\/td>\n<td style=\"text-align: right;\" align=\"left\">5,100<\/td>\n<\/tr>\n<tr>\n<td style=\"text-align: right;\" align=\"left\">2010<\/td>\n<td style=\"text-align: right;\" align=\"left\">60,629<\/td>\n<td style=\"text-align: right;\" align=\"left\">40,802<\/td>\n<td style=\"text-align: right;\" align=\"left\">-19,827<\/td>\n<td style=\"text-align: right;\" align=\"left\">34,857<\/td>\n<td style=\"text-align: right;\" align=\"left\">5,945<\/td>\n<\/tr>\n<tr>\n<td style=\"text-align: right;\" align=\"left\">2011<\/td>\n<td style=\"text-align: right;\" align=\"left\">74,331<\/td>\n<td style=\"text-align: right;\" align=\"left\">24,361<\/td>\n<td style=\"text-align: right;\" align=\"left\">-49,970<\/td>\n<td style=\"text-align: right;\" align=\"left\">19,089<\/td>\n<td style=\"text-align: right;\" align=\"left\">5,272<\/td>\n<\/tr>\n<tr>\n<td style=\"text-align: right;\" align=\"left\">2012<\/td>\n<td style=\"text-align: right;\" align=\"left\">67,107<\/td>\n<td style=\"text-align: right;\" align=\"left\">23,228<\/td>\n<td style=\"text-align: right;\" align=\"left\">-43,879<\/td>\n<td style=\"text-align: right;\" align=\"left\">19,188<\/td>\n<td style=\"text-align: right;\" align=\"left\">4,040<\/td>\n<\/tr>\n<tr>\n<td style=\"text-align: right;\" align=\"left\">2013<\/td>\n<td style=\"text-align: right;\" align=\"left\">75,522<\/td>\n<td style=\"text-align: right;\" align=\"left\">28,697<\/td>\n<td style=\"text-align: right;\" align=\"left\">-46,825<\/td>\n<td style=\"text-align: right;\" align=\"left\">23,554<\/td>\n<td style=\"text-align: right;\" align=\"left\">5,143<\/td>\n<\/tr>\n<tr>\n<td style=\"text-align: right;\" align=\"left\">2014<\/td>\n<td style=\"text-align: right;\" align=\"left\">86,664<\/td>\n<td style=\"text-align: right;\" align=\"left\">21,324<\/td>\n<td style=\"text-align: right;\" align=\"left\">-65,340<\/td>\n<td style=\"text-align: right;\" align=\"left\">18,565<\/td>\n<td style=\"text-align: right;\" align=\"left\">2,759<\/td>\n<\/tr>\n<tr>\n<td style=\"text-align: right;\" align=\"left\">2015<\/td>\n<td style=\"text-align: right;\" align=\"left\">90,605<\/td>\n<td style=\"text-align: right;\" align=\"left\">28,289<\/td>\n<td style=\"text-align: right;\" align=\"left\">-62,316<\/td>\n<td style=\"text-align: right;\" align=\"left\">22,919<\/td>\n<td style=\"text-align: right;\" align=\"left\">5,370<\/td>\n<\/tr>\n<tr>\n<td style=\"text-align: right;\" align=\"left\">2016<\/td>\n<td style=\"text-align: right;\" align=\"left\">90,193<\/td>\n<td style=\"text-align: right;\" align=\"left\">23,811<\/td>\n<td style=\"text-align: right;\" align=\"left\">-66,382<\/td>\n<td style=\"text-align: right;\" align=\"left\">20,056<\/td>\n<td style=\"text-align: right;\" align=\"left\">2,705<\/td>\n<\/tr>\n<tr>\n<td style=\"text-align: right;\" align=\"left\">2017<\/td>\n<td style=\"text-align: right;\" align=\"left\">90,150<\/td>\n<td style=\"text-align: right;\" align=\"left\">23,465<\/td>\n<td style=\"text-align: right;\" align=\"left\">-66,685<\/td>\n<td style=\"text-align: right;\" align=\"left\">20,706<\/td>\n<td style=\"text-align: right;\" align=\"left\">2,759<\/td>\n<\/tr>\n<tr>\n<td style=\"text-align: right;\" align=\"left\">2018<\/td>\n<td style=\"text-align: right;\" align=\"left\">129,438<\/td>\n<td style=\"text-align: right;\" align=\"left\">23,291<\/td>\n<td style=\"text-align: right;\" align=\"left\">-106,147<\/td>\n<td style=\"text-align: right;\" align=\"left\">20,386<\/td>\n<td style=\"text-align: right;\" align=\"left\">2,905<\/td>\n<\/tr>\n<tr>\n<td style=\"text-align: right;\" align=\"left\">2019<\/td>\n<td style=\"text-align: right;\" align=\"left\">62,558<\/td>\n<td style=\"text-align: right;\" align=\"left\">37,374<\/td>\n<td style=\"text-align: right;\" align=\"left\">-25,184<\/td>\n<td style=\"text-align: right;\" align=\"left\">31,004<\/td>\n<td style=\"text-align: right;\" align=\"left\">6,370<\/td>\n<\/tr>\n<tr>\n<td style=\"text-align: right;\" align=\"left\">2021<\/td>\n<td style=\"text-align: right;\" align=\"left\">52,996<\/td>\n<td style=\"text-align: right;\" align=\"left\">28,721<\/td>\n<td style=\"text-align: right;\" align=\"left\">-24,245<\/td>\n<td style=\"text-align: right;\" align=\"left\">26,220<\/td>\n<td style=\"text-align: right;\" align=\"left\">2,501<\/td>\n<\/tr>\n<tr>\n<td style=\"text-align: right;\" align=\"left\">2022<\/td>\n<td style=\"text-align: right;\" align=\"left\">40,374<\/td>\n<td style=\"text-align: right;\" align=\"left\">30,099<\/td>\n<td style=\"text-align: right;\" align=\"left\">-10,275<\/td>\n<td style=\"text-align: right;\" align=\"left\">26,022<\/td>\n<td style=\"text-align: right;\" align=\"left\">4,077<\/td>\n<\/tr>\n<\/tbody>\n<\/table>\n<\/div>\n<div class=\"fusion-text fusion-text-4\" style=\"--awb-margin-top:30px;\"><p>Your La migraci\u00f3n neta en Puerto Rico fue considerablemente alta en 2018 debido al Hurac\u00e1n Mar\u00eda, pero en a\u00f1os subsiguientes los niveles de migraci\u00f3n regresan r\u00e1pidamente al patr\u00f3n observado en los a\u00f1os 2006 y 2007.<\/p>\n<\/div><div class=\"fusion-text fusion-text-5\"><h3>Emigraci\u00f3n e inmigraci\u00f3n<\/h3>\n<p><strong>Emigraci\u00f3n:<\/strong> Contrariamente a las percepciones emitidas en la opini\u00f3n p\u00fablica, no encontramos que la emigraci\u00f3n (comparada con otras jurisdicciones de PR) sea at\u00edpica. Emigraci\u00f3n De PR-A estados USA: Emigrantes\/mil habitantes est\u00e1 en la mediana o por debajo excepto en 2018 (efecto Mar\u00eda que fue transitorio). O sea que el movimiento migratorio de PR a los estados est\u00e1 en l\u00ednea con la emigraci\u00f3n t\u00edpica de los estados hacia otros estados, ver la Gr\u00e1fica 7 (Puerto Rico es el punto rojo).<\/p>\n<h6 style=\"text-align: center;\"><i>Gr\u00e1fica 7: Emigrantes Interestatales 2005-2022<\/i><\/h6>\n<p style=\"text-align: center;\"><img decoding=\"async\" class=\"lazyload size-full wp-image-1435 aligncenter\" src=\"https:\/\/demografia-bbc.hpcf.upr.edu\/wordpress\/wp-content\/uploads\/2025\/02\/Emigrantes_interestatales-x-mil-personas.jpg\" data-orig-src=\"https:\/\/demografia-bbc.hpcf.upr.edu\/wordpress\/wp-content\/uploads\/2025\/02\/Emigrantes_interestatales-x-mil-personas.jpg\" alt=\"Gr\u00e1fica 7: Emigrantes Interestatales 2005-2022\" width=\"779\" height=\"458\" srcset=\"data:image\/svg+xml,%3Csvg%20xmlns%3D%27http%3A%2F%2Fwww.w3.org%2F2000%2Fsvg%27%20width%3D%27779%27%20height%3D%27458%27%20viewBox%3D%270%200%20779%20458%27%3E%3Crect%20width%3D%27779%27%20height%3D%27458%27%20fill-opacity%3D%220%22%2F%3E%3C%2Fsvg%3E\" data-srcset=\"https:\/\/demografia-bbc.hpcf.upr.edu\/wordpress\/wp-content\/uploads\/2025\/02\/Emigrantes_interestatales-x-mil-personas-200x118.jpg 200w, https:\/\/demografia-bbc.hpcf.upr.edu\/wordpress\/wp-content\/uploads\/2025\/02\/Emigrantes_interestatales-x-mil-personas-300x176.jpg 300w, https:\/\/demografia-bbc.hpcf.upr.edu\/wordpress\/wp-content\/uploads\/2025\/02\/Emigrantes_interestatales-x-mil-personas-400x235.jpg 400w, https:\/\/demografia-bbc.hpcf.upr.edu\/wordpress\/wp-content\/uploads\/2025\/02\/Emigrantes_interestatales-x-mil-personas-600x353.jpg 600w, https:\/\/demografia-bbc.hpcf.upr.edu\/wordpress\/wp-content\/uploads\/2025\/02\/Emigrantes_interestatales-x-mil-personas-768x452.jpg 768w, https:\/\/demografia-bbc.hpcf.upr.edu\/wordpress\/wp-content\/uploads\/2025\/02\/Emigrantes_interestatales-x-mil-personas.jpg 779w\" data-sizes=\"auto\" data-orig-sizes=\"(max-width: 779px) 100vw, 779px\" \/><\/p>\n<p><strong>Inmigraci\u00f3n:<\/strong> De USA-A PR: Inmigrantes\/Mil Habitantes es el m\u00ednimo de las 52 jurisdicciones, todos los a\u00f1os. De Fuera de USA a PR: Inmigrantes\/Mil Habitantes m\u00ednimo o cercano al m\u00ednimo de las 52 jurisdicciones, siempre por debajo del primer cuartil, ver la Gr\u00e1fica 8.<\/p>\n<h6 style=\"text-align: center;\"><i>Gr\u00e1fica 8: Inmigrantes Interestatales 2005-2022<\/i><\/h6>\n<p style=\"text-align: center;\"><img decoding=\"async\" class=\"lazyload size-full wp-image-1436 aligncenter\" src=\"https:\/\/demografia-bbc.hpcf.upr.edu\/wordpress\/wp-content\/uploads\/2025\/02\/inmigrantes_interestatales-x-mil-personas.jpg\" data-orig-src=\"https:\/\/demografia-bbc.hpcf.upr.edu\/wordpress\/wp-content\/uploads\/2025\/02\/inmigrantes_interestatales-x-mil-personas.jpg\" alt=\"Gr\u00e1fica 8: Inmigrantes Interestatales 2005-2022\" width=\"648\" height=\"378\" srcset=\"data:image\/svg+xml,%3Csvg%20xmlns%3D%27http%3A%2F%2Fwww.w3.org%2F2000%2Fsvg%27%20width%3D%27648%27%20height%3D%27378%27%20viewBox%3D%270%200%20648%20378%27%3E%3Crect%20width%3D%27648%27%20height%3D%27378%27%20fill-opacity%3D%220%22%2F%3E%3C%2Fsvg%3E\" data-srcset=\"https:\/\/demografia-bbc.hpcf.upr.edu\/wordpress\/wp-content\/uploads\/2025\/02\/inmigrantes_interestatales-x-mil-personas-200x117.jpg 200w, https:\/\/demografia-bbc.hpcf.upr.edu\/wordpress\/wp-content\/uploads\/2025\/02\/inmigrantes_interestatales-x-mil-personas-300x175.jpg 300w, https:\/\/demografia-bbc.hpcf.upr.edu\/wordpress\/wp-content\/uploads\/2025\/02\/inmigrantes_interestatales-x-mil-personas-400x233.jpg 400w, https:\/\/demografia-bbc.hpcf.upr.edu\/wordpress\/wp-content\/uploads\/2025\/02\/inmigrantes_interestatales-x-mil-personas-600x350.jpg 600w, https:\/\/demografia-bbc.hpcf.upr.edu\/wordpress\/wp-content\/uploads\/2025\/02\/inmigrantes_interestatales-x-mil-personas.jpg 648w\" data-sizes=\"auto\" data-orig-sizes=\"(max-width: 648px) 100vw, 648px\" \/><\/p>\n<p>Para el 2005 el promedio de hijos por mujer de Puerto Rico esa de los m\u00e1s bajos de todos los estados y durante los \u00faltimos 10 a\u00f1os es el m\u00e1s bajo y cada vez se aleja m\u00e1s del estado con la fecundidad m\u00e1s baja, ver Gr\u00e1fico 9. El declive poblacional de Puerto Rico es el resultado de la combinaci\u00f3n de niveles extremadamente bajos de fecundidad y los niveles m\u00e1s bajos de inmigraci\u00f3n de cualquier estado, no es a causa una alta emigraci\u00f3n.<\/p>\n<h6 style=\"text-align: center;\">Gr\u00e1fica 9: Promedio de Hijos por Mujer 2005-2022<\/h6>\n<p><img decoding=\"async\" class=\"lazyload alignnone size-full wp-image-1437 aligncenter\" src=\"https:\/\/demografia-bbc.hpcf.upr.edu\/wordpress\/wp-content\/uploads\/2025\/02\/Promedio-de-hijos-por-mujer.jpg\" data-orig-src=\"https:\/\/demografia-bbc.hpcf.upr.edu\/wordpress\/wp-content\/uploads\/2025\/02\/Promedio-de-hijos-por-mujer.jpg\" alt=\"Gr\u00e1fica 9: Promedio de Hijos por Mujer 2005-2022\" width=\"668\" height=\"391\" srcset=\"data:image\/svg+xml,%3Csvg%20xmlns%3D%27http%3A%2F%2Fwww.w3.org%2F2000%2Fsvg%27%20width%3D%27668%27%20height%3D%27391%27%20viewBox%3D%270%200%20668%20391%27%3E%3Crect%20width%3D%27668%27%20height%3D%27391%27%20fill-opacity%3D%220%22%2F%3E%3C%2Fsvg%3E\" data-srcset=\"https:\/\/demografia-bbc.hpcf.upr.edu\/wordpress\/wp-content\/uploads\/2025\/02\/Promedio-de-hijos-por-mujer-200x117.jpg 200w, https:\/\/demografia-bbc.hpcf.upr.edu\/wordpress\/wp-content\/uploads\/2025\/02\/Promedio-de-hijos-por-mujer-300x176.jpg 300w, https:\/\/demografia-bbc.hpcf.upr.edu\/wordpress\/wp-content\/uploads\/2025\/02\/Promedio-de-hijos-por-mujer-400x234.jpg 400w, https:\/\/demografia-bbc.hpcf.upr.edu\/wordpress\/wp-content\/uploads\/2025\/02\/Promedio-de-hijos-por-mujer-600x351.jpg 600w, https:\/\/demografia-bbc.hpcf.upr.edu\/wordpress\/wp-content\/uploads\/2025\/02\/Promedio-de-hijos-por-mujer.jpg 668w\" data-sizes=\"auto\" data-orig-sizes=\"(max-width: 668px) 100vw, 668px\" \/><\/p>\n<\/div><\/div><\/div><\/div><\/div>\n","protected":false},"excerpt":{"rendered":"","protected":false},"author":3,"featured_media":0,"parent":919,"menu_order":0,"comment_status":"closed","ping_status":"closed","template":"100-width.php","meta":{"footnotes":""},"class_list":["post-1034","page","type-page","status-publish","hentry"],"_links":{"self":[{"href":"https:\/\/demografia-bbc.hpcf.upr.edu\/wordpress\/wp-json\/wp\/v2\/pages\/1034","targetHints":{"allow":["GET"]}}],"collection":[{"href":"https:\/\/demografia-bbc.hpcf.upr.edu\/wordpress\/wp-json\/wp\/v2\/pages"}],"about":[{"href":"https:\/\/demografia-bbc.hpcf.upr.edu\/wordpress\/wp-json\/wp\/v2\/types\/page"}],"author":[{"embeddable":true,"href":"https:\/\/demografia-bbc.hpcf.upr.edu\/wordpress\/wp-json\/wp\/v2\/users\/3"}],"replies":[{"embeddable":true,"href":"https:\/\/demografia-bbc.hpcf.upr.edu\/wordpress\/wp-json\/wp\/v2\/comments?post=1034"}],"version-history":[{"count":13,"href":"https:\/\/demografia-bbc.hpcf.upr.edu\/wordpress\/wp-json\/wp\/v2\/pages\/1034\/revisions"}],"predecessor-version":[{"id":1448,"href":"https:\/\/demografia-bbc.hpcf.upr.edu\/wordpress\/wp-json\/wp\/v2\/pages\/1034\/revisions\/1448"}],"up":[{"embeddable":true,"href":"https:\/\/demografia-bbc.hpcf.upr.edu\/wordpress\/wp-json\/wp\/v2\/pages\/919"}],"wp:attachment":[{"href":"https:\/\/demografia-bbc.hpcf.upr.edu\/wordpress\/wp-json\/wp\/v2\/media?parent=1034"}],"curies":[{"name":"wp","href":"https:\/\/api.w.org\/{rel}","templated":true}]}}