{"id":1030,"date":"2024-11-26T13:18:18","date_gmt":"2024-11-26T13:18:18","guid":{"rendered":"https:\/\/demografia-bbc.hpcf.upr.edu\/wordpress\/?page_id=1030"},"modified":"2025-02-18T19:17:55","modified_gmt":"2025-02-18T19:17:55","slug":"envejecimiento","status":"publish","type":"page","link":"https:\/\/demografia-bbc.hpcf.upr.edu\/wordpress\/case-studies\/envejecimiento\/","title":{"rendered":"Envejecimiento"},"content":{"rendered":"<div class=\"fusion-fullwidth fullwidth-box fusion-builder-row-1 fusion-flex-container nonhundred-percent-fullwidth non-hundred-percent-height-scrolling\" style=\"--awb-border-radius-top-left:0px;--awb-border-radius-top-right:0px;--awb-border-radius-bottom-right:0px;--awb-border-radius-bottom-left:0px;--awb-padding-top:90px;--awb-padding-bottom:90px;--awb-padding-top-small:60px;--awb-flex-wrap:wrap;\" ><div class=\"fusion-builder-row fusion-row fusion-flex-align-items-flex-start fusion-flex-content-wrap\" style=\"max-width:1248px;margin-left: calc(-4% \/ 2 );margin-right: calc(-4% \/ 2 );\"><div class=\"fusion-layout-column fusion_builder_column fusion-builder-column-0 fusion_builder_column_1_1 1_1 fusion-flex-column\" style=\"--awb-bg-size:cover;--awb-width-large:100%;--awb-margin-top-large:0px;--awb-spacing-right-large:1.92%;--awb-margin-bottom-large:20px;--awb-spacing-left-large:1.92%;--awb-width-medium:100%;--awb-order-medium:0;--awb-spacing-right-medium:1.92%;--awb-spacing-left-medium:1.92%;--awb-width-small:100%;--awb-order-small:0;--awb-spacing-right-small:1.92%;--awb-spacing-left-small:1.92%;\"><div class=\"fusion-column-wrapper fusion-column-has-shadow fusion-flex-justify-content-flex-start fusion-content-layout-column\"><div class=\"fusion-text fusion-text-1 fusion-text-no-margin\" style=\"--awb-margin-bottom:30px;\"><p>El mundo, incluyendo a Puerto Rico, se encuentra en un proceso irreversible de envejecimiento de la poblaci\u00f3n. En este reporte, se presentan datos del perfil de la poblaci\u00f3n de adultos mayores en Puerto Rico. El mismo se enfoca, principalmente, en recomendaciones de pol\u00edticas p\u00fablicas para atender el envejecimiento acelerado de la poblaci\u00f3n puertorrique\u00f1a. Para completar el an\u00e1lisis del tema de envejecimiento en Puerto Rico, se utilizaron como referencias el Plan de Envejecimiento Saludable del Departamento de Salud, la Declaraci\u00f3n Pol\u00edtica y el Plan de Acci\u00f3n Internacional sobre el Envejecimiento de Madrid, el Perfil Demogr\u00e1fico de la Poblaci\u00f3n de Edad Avanzada: Puerto Rico y El Mundo, y el Plan de Reto Demogr\u00e1fico 2020 presentado por El Comit\u00e9 De Reto Demogr\u00e1fico de la Junta de Planificaci\u00f3n de Puerto Rico. Adem\u00e1s, se revisaron, sobre 10 art\u00edculos demogr\u00e1ficos y enlaces de Internet. En el caso de PR, continuar\u00e1 experimentando, no s\u00f3lo el envejecimiento de su poblaci\u00f3n, sino tambi\u00e9n el envejecimiento acelerado de la poblaci\u00f3n de 60 a\u00f1os y m\u00e1s. En nuestro caso, la vejez tiene rostro de mujer, ya que \u00e9stas son mayor\u00eda, num\u00e9ricamente hablando, sobre los varones. Ante la realidad demogr\u00e1fica que enfrenta Puerto Rico en su poblaci\u00f3n de adultos mayores, urge la necesidad de desarrollar e implantar pol\u00edticas p\u00fablicas y servicios dirigidos a mejorar la calidad de vida de estos. En este reporte se presentan un sinn\u00famero de recomendaciones de acciones y pol\u00edticas p\u00fablicas espec\u00edficas, para atender esta situaci\u00f3n. Las consecuencias econ\u00f3micas, pol\u00edticas, y sociales de no hacerlo ser\u00edan nefastas.<\/p>\n<\/div><div class=\"fusion-text fusion-text-2\"><h4>Declive poblacional<\/h4>\n<p>Un declive poblacional no tiene que ser necesariamente un problema. Sin embargo, la naturaleza del declive poblacional de Puerto Rico presenta un problema muy serio. La magnitud de la reducci\u00f3n de la poblaci\u00f3n en los pr\u00f3ximos 26 a\u00f1os, la enorme proporci\u00f3n de adultos mayores (65 a\u00f1os y m\u00e1s) acompa\u00f1ada de una reducci\u00f3n dram\u00e1tica en la cantidad de ni\u00f1os menores de 18 a\u00f1os y una tasa de fecundidad extraordinariamente baja presentan una situaci\u00f3n que requiere atenci\u00f3n urgente. Si no se atiende, esta situaci\u00f3n agravar\u00e1 los problemas econ\u00f3micos y fiscales por los que atraviesa Puerto Rico.<\/p>\n<p>En la Gr\u00e1fica 1 observamos el crecimiento de la poblaci\u00f3n entre los censos de 1910 hasta el 2000 y desde entonces una r\u00e1pida reducci\u00f3n proyectada hasta el 2050. En la Gr\u00e1fica 2 vemos como cambi\u00f3 entre 1980 y 2020 la composici\u00f3n por edad. Aunque ambas poblaciones tienen un tama\u00f1o similar, la composici\u00f3n por edad es radicalmente diferente. Observamos una reducci\u00f3n dram\u00e1tica en el n\u00famero de ni\u00f1os y un aumento sustancial en los adultos mayores.<\/p>\n<\/div><div class=\"fusion-text fusion-text-3\"><div class='ays-chart-container-google ays-chart-container-13' id='ays-chart-container69d50285518f0' data-id='69d50285518f0'><div class='ays-chart-header-container'><div class='ays-chart-charts-title ays-chart-charts-title69d50285518f0'>Gr\u00e1fica 1: Tama\u00f1o de la poblaci\u00f3n (en millones) de Puerto Rico, 1910-2050<\/div><div class='ays-chart-charts-description ays-chart-charts-description69d50285518f0'><\/div><\/div><div class='ays-chart-charts-main-container ays-chart-charts-main-container69d50285518f0' id=ays-chart-column_chart69d50285518f0 data-type='column_chart'><\/div><div class='ays-chart-actions-container'><div class='ays-chart-export-buttons' data-id='13'><\/div><\/div><\/div>\n<\/div><div class=\"fusion-separator fusion-full-width-sep\" style=\"align-self: center;margin-left: auto;margin-right: auto;margin-top:15px;margin-bottom:15px;width:100%;\"><\/div><div class=\"fusion-text fusion-text-4\"><h6 style=\"text-align: center;\"><span style=\"color: #000000;\">Gr\u00e1fico 2: Pir\u00e1mides poblacionales de Puerto Rico por edad y sexo, 1980 y 2020<\/span><\/h6>\n<\/div><div class=\"fusion-builder-row fusion-builder-row-inner fusion-row fusion-flex-align-items-flex-start fusion-flex-content-wrap\" style=\"width:104% !important;max-width:104% !important;margin-left: calc(-4% \/ 2 );margin-right: calc(-4% \/ 2 );\"><div class=\"fusion-layout-column fusion_builder_column_inner fusion-builder-nested-column-0 fusion_builder_column_inner_1_2 1_2 fusion-flex-column\" style=\"--awb-bg-size:cover;--awb-width-large:50%;--awb-margin-top-large:0px;--awb-spacing-right-large:3.84%;--awb-margin-bottom-large:20px;--awb-spacing-left-large:3.84%;--awb-width-medium:50%;--awb-order-medium:0;--awb-spacing-right-medium:3.84%;--awb-spacing-left-medium:3.84%;--awb-width-small:100%;--awb-order-small:0;--awb-spacing-right-small:1.92%;--awb-spacing-left-small:1.92%;\"><div class=\"fusion-column-wrapper fusion-column-has-shadow fusion-flex-justify-content-flex-start fusion-content-layout-column\"><div class=\"fusion-image-element \" style=\"--awb-caption-title-font-family:var(--h2_typography-font-family);--awb-caption-title-font-weight:var(--h2_typography-font-weight);--awb-caption-title-font-style:var(--h2_typography-font-style);--awb-caption-title-size:var(--h2_typography-font-size);--awb-caption-title-transform:var(--h2_typography-text-transform);--awb-caption-title-line-height:var(--h2_typography-line-height);--awb-caption-title-letter-spacing:var(--h2_typography-letter-spacing);\"><span class=\" fusion-imageframe imageframe-none imageframe-1 hover-type-none\"><img decoding=\"async\" width=\"1200\" height=\"1068\" alt=\"Pir\u00e1mides poblacionales de Puerto Rico por edad y sexo, 1980\" title=\"poblacion_por_edad_y_sexo_PR_1980\" src=\"https:\/\/demografia-bbc.hpcf.upr.edu\/wordpress\/wp-content\/uploads\/2025\/02\/poblacion_por_edad_y_sexo_PR_1980.png\" data-orig-src=\"https:\/\/demografia-bbc.hpcf.upr.edu\/wordpress\/wp-content\/uploads\/2025\/02\/poblacion_por_edad_y_sexo_PR_1980.png\" class=\"lazyload img-responsive wp-image-1398\" srcset=\"data:image\/svg+xml,%3Csvg%20xmlns%3D%27http%3A%2F%2Fwww.w3.org%2F2000%2Fsvg%27%20width%3D%271200%27%20height%3D%271068%27%20viewBox%3D%270%200%201200%201068%27%3E%3Crect%20width%3D%271200%27%20height%3D%271068%27%20fill-opacity%3D%220%22%2F%3E%3C%2Fsvg%3E\" data-srcset=\"https:\/\/demografia-bbc.hpcf.upr.edu\/wordpress\/wp-content\/uploads\/2025\/02\/poblacion_por_edad_y_sexo_PR_1980-200x178.png 200w, https:\/\/demografia-bbc.hpcf.upr.edu\/wordpress\/wp-content\/uploads\/2025\/02\/poblacion_por_edad_y_sexo_PR_1980-400x356.png 400w, https:\/\/demografia-bbc.hpcf.upr.edu\/wordpress\/wp-content\/uploads\/2025\/02\/poblacion_por_edad_y_sexo_PR_1980-600x534.png 600w, https:\/\/demografia-bbc.hpcf.upr.edu\/wordpress\/wp-content\/uploads\/2025\/02\/poblacion_por_edad_y_sexo_PR_1980-800x712.png 800w, https:\/\/demografia-bbc.hpcf.upr.edu\/wordpress\/wp-content\/uploads\/2025\/02\/poblacion_por_edad_y_sexo_PR_1980.png 1200w\" data-sizes=\"auto\" data-orig-sizes=\"(max-width: 640px) 100vw, 600px\" \/><\/span><\/div><\/div><\/div><div class=\"fusion-layout-column fusion_builder_column_inner fusion-builder-nested-column-1 fusion_builder_column_inner_1_2 1_2 fusion-flex-column\" style=\"--awb-bg-size:cover;--awb-width-large:50%;--awb-margin-top-large:0px;--awb-spacing-right-large:3.84%;--awb-margin-bottom-large:20px;--awb-spacing-left-large:3.84%;--awb-width-medium:50%;--awb-order-medium:0;--awb-spacing-right-medium:3.84%;--awb-spacing-left-medium:3.84%;--awb-width-small:100%;--awb-order-small:0;--awb-spacing-right-small:1.92%;--awb-spacing-left-small:1.92%;\"><div class=\"fusion-column-wrapper fusion-column-has-shadow fusion-flex-justify-content-flex-start fusion-content-layout-column\"><div class=\"fusion-image-element \" style=\"--awb-caption-title-font-family:var(--h2_typography-font-family);--awb-caption-title-font-weight:var(--h2_typography-font-weight);--awb-caption-title-font-style:var(--h2_typography-font-style);--awb-caption-title-size:var(--h2_typography-font-size);--awb-caption-title-transform:var(--h2_typography-text-transform);--awb-caption-title-line-height:var(--h2_typography-line-height);--awb-caption-title-letter-spacing:var(--h2_typography-letter-spacing);\"><span class=\" fusion-imageframe imageframe-none imageframe-2 hover-type-none\"><img decoding=\"async\" width=\"1200\" height=\"1068\" alt=\"Pir\u00e1mides poblacionales de Puerto Rico por edad y sexo, 2020\" title=\"poblacion_por_edad_y_sexo_PR_2020\" src=\"https:\/\/demografia-bbc.hpcf.upr.edu\/wordpress\/wp-content\/uploads\/2025\/02\/poblacion_por_edad_y_sexo_PR_2020.png\" data-orig-src=\"https:\/\/demografia-bbc.hpcf.upr.edu\/wordpress\/wp-content\/uploads\/2025\/02\/poblacion_por_edad_y_sexo_PR_2020.png\" class=\"lazyload img-responsive wp-image-1399\" srcset=\"data:image\/svg+xml,%3Csvg%20xmlns%3D%27http%3A%2F%2Fwww.w3.org%2F2000%2Fsvg%27%20width%3D%271200%27%20height%3D%271068%27%20viewBox%3D%270%200%201200%201068%27%3E%3Crect%20width%3D%271200%27%20height%3D%271068%27%20fill-opacity%3D%220%22%2F%3E%3C%2Fsvg%3E\" data-srcset=\"https:\/\/demografia-bbc.hpcf.upr.edu\/wordpress\/wp-content\/uploads\/2025\/02\/poblacion_por_edad_y_sexo_PR_2020-200x178.png 200w, https:\/\/demografia-bbc.hpcf.upr.edu\/wordpress\/wp-content\/uploads\/2025\/02\/poblacion_por_edad_y_sexo_PR_2020-400x356.png 400w, https:\/\/demografia-bbc.hpcf.upr.edu\/wordpress\/wp-content\/uploads\/2025\/02\/poblacion_por_edad_y_sexo_PR_2020-600x534.png 600w, https:\/\/demografia-bbc.hpcf.upr.edu\/wordpress\/wp-content\/uploads\/2025\/02\/poblacion_por_edad_y_sexo_PR_2020-800x712.png 800w, https:\/\/demografia-bbc.hpcf.upr.edu\/wordpress\/wp-content\/uploads\/2025\/02\/poblacion_por_edad_y_sexo_PR_2020.png 1200w\" data-sizes=\"auto\" data-orig-sizes=\"(max-width: 640px) 100vw, 600px\" \/><\/span><\/div><\/div><\/div><\/div><div class=\"fusion-text fusion-text-5\"><p>Este r\u00e1pido envejecimiento fue causado por la reducci\u00f3n en la tasa global de fecundidad (i.e. el n\u00famero promedio de hijos por mujer) que se observa desde 1950. Se observa una reducci\u00f3n continua hasta el 1983 donde por un per\u00edodo de 15 a\u00f1os se estabiliza entre levemente sobre el nivel de reemplazo, 2.1 hijos por mujer. A partir de 1998 se resume la reducci\u00f3n en la fecundidad hasta llegar a menos de un hijo por mujer. Niveles tan bajos de fecundidad son extremadamente raros a nivel mundial. En casi todos los pa\u00edses donde la fecundidad ha llegado a 1.5 hijos por mujer los gobiernos han reaccionado ante esa situaci\u00f3n, en Puerto Rico pas\u00f3 desapercibido. En la Gr\u00e1fica 4 vemos como la reducci\u00f3n en la fecundidad ha provocado una reducci\u00f3n en el n\u00famero de nacimientos. De unos 85,000 nacimientos en el 1950 hasta 65,000 en el 1982 y por 16 a\u00f1os se mantienen estables en esa cifra. A partir de 1998 el n\u00famero de nacimientos se reduce r\u00e1pida y dram\u00e1ticamente hasta llegar a menos de 19,000 en el 2020. A partir del 2016 hay m\u00e1s defunciones que nacimientos y se prev\u00e9e que esto continuar\u00e1 as\u00ed por el futuro previsible.<\/p>\n<\/div><div class=\"fusion-builder-row fusion-builder-row-inner fusion-row fusion-flex-align-items-flex-start fusion-flex-content-wrap\" style=\"width:104% !important;max-width:104% !important;margin-left: calc(-4% \/ 2 );margin-right: calc(-4% \/ 2 );\"><div class=\"fusion-layout-column fusion_builder_column_inner fusion-builder-nested-column-2 fusion_builder_column_inner_1_2 1_2 fusion-flex-column\" style=\"--awb-bg-size:cover;--awb-width-large:50%;--awb-margin-top-large:0px;--awb-spacing-right-large:3.84%;--awb-margin-bottom-large:20px;--awb-spacing-left-large:3.84%;--awb-width-medium:50%;--awb-order-medium:0;--awb-spacing-right-medium:3.84%;--awb-spacing-left-medium:3.84%;--awb-width-small:100%;--awb-order-small:0;--awb-spacing-right-small:1.92%;--awb-spacing-left-small:1.92%;\"><div class=\"fusion-column-wrapper fusion-column-has-shadow fusion-flex-justify-content-flex-start fusion-content-layout-column\"><div class=\"fusion-text fusion-text-6\"><h6>Gr\u00e1fica 4: N\u00famero de nacimientos y defunciones en Puerto Rico, 1950-2022<\/h6>\n<\/div><div class=\"fusion-image-element \" style=\"--awb-caption-title-font-family:var(--h2_typography-font-family);--awb-caption-title-font-weight:var(--h2_typography-font-weight);--awb-caption-title-font-style:var(--h2_typography-font-style);--awb-caption-title-size:var(--h2_typography-font-size);--awb-caption-title-transform:var(--h2_typography-text-transform);--awb-caption-title-line-height:var(--h2_typography-line-height);--awb-caption-title-letter-spacing:var(--h2_typography-letter-spacing);\"><span class=\" fusion-imageframe imageframe-none imageframe-3 hover-type-none\"><img decoding=\"async\" width=\"1430\" height=\"1068\" alt=\"Promedio de hijos por mujer, Puerto Rico 1950-2022\" title=\"grafico3_promedio_de_hijos_por_mujer\" src=\"https:\/\/demografia-bbc.hpcf.upr.edu\/wordpress\/wp-content\/uploads\/2025\/02\/grafico3_promedio_de_hijos_por_mujer.png\" data-orig-src=\"https:\/\/demografia-bbc.hpcf.upr.edu\/wordpress\/wp-content\/uploads\/2025\/02\/grafico3_promedio_de_hijos_por_mujer.png\" class=\"lazyload img-responsive wp-image-1411\" srcset=\"data:image\/svg+xml,%3Csvg%20xmlns%3D%27http%3A%2F%2Fwww.w3.org%2F2000%2Fsvg%27%20width%3D%271430%27%20height%3D%271068%27%20viewBox%3D%270%200%201430%201068%27%3E%3Crect%20width%3D%271430%27%20height%3D%271068%27%20fill-opacity%3D%220%22%2F%3E%3C%2Fsvg%3E\" data-srcset=\"https:\/\/demografia-bbc.hpcf.upr.edu\/wordpress\/wp-content\/uploads\/2025\/02\/grafico3_promedio_de_hijos_por_mujer-200x149.png 200w, https:\/\/demografia-bbc.hpcf.upr.edu\/wordpress\/wp-content\/uploads\/2025\/02\/grafico3_promedio_de_hijos_por_mujer-400x299.png 400w, https:\/\/demografia-bbc.hpcf.upr.edu\/wordpress\/wp-content\/uploads\/2025\/02\/grafico3_promedio_de_hijos_por_mujer-600x448.png 600w, https:\/\/demografia-bbc.hpcf.upr.edu\/wordpress\/wp-content\/uploads\/2025\/02\/grafico3_promedio_de_hijos_por_mujer-800x597.png 800w, https:\/\/demografia-bbc.hpcf.upr.edu\/wordpress\/wp-content\/uploads\/2025\/02\/grafico3_promedio_de_hijos_por_mujer-1200x896.png 1200w, https:\/\/demografia-bbc.hpcf.upr.edu\/wordpress\/wp-content\/uploads\/2025\/02\/grafico3_promedio_de_hijos_por_mujer.png 1430w\" data-sizes=\"auto\" data-orig-sizes=\"(max-width: 640px) 100vw, 600px\" \/><\/span><\/div><\/div><\/div><div class=\"fusion-layout-column fusion_builder_column_inner fusion-builder-nested-column-3 fusion_builder_column_inner_1_2 1_2 fusion-flex-column\" style=\"--awb-bg-size:cover;--awb-width-large:50%;--awb-margin-top-large:0px;--awb-spacing-right-large:3.84%;--awb-margin-bottom-large:20px;--awb-spacing-left-large:3.84%;--awb-width-medium:50%;--awb-order-medium:0;--awb-spacing-right-medium:3.84%;--awb-spacing-left-medium:3.84%;--awb-width-small:100%;--awb-order-small:0;--awb-spacing-right-small:1.92%;--awb-spacing-left-small:1.92%;\"><div class=\"fusion-column-wrapper fusion-column-has-shadow fusion-flex-justify-content-flex-start fusion-content-layout-column\"><div class=\"fusion-text fusion-text-7\"><h6>Gr\u00e1fica 5: Tasas de fecundidad por a\u00f1o y grupo de edad, 1950-2022<\/h6>\n<\/div><div class=\"fusion-image-element \" style=\"--awb-caption-title-font-family:var(--h2_typography-font-family);--awb-caption-title-font-weight:var(--h2_typography-font-weight);--awb-caption-title-font-style:var(--h2_typography-font-style);--awb-caption-title-size:var(--h2_typography-font-size);--awb-caption-title-transform:var(--h2_typography-text-transform);--awb-caption-title-line-height:var(--h2_typography-line-height);--awb-caption-title-letter-spacing:var(--h2_typography-letter-spacing);\"><span class=\" fusion-imageframe imageframe-none imageframe-4 hover-type-none\"><img decoding=\"async\" width=\"1430\" height=\"1068\" alt=\"Nacimientos y Defunciones, Puerto Rico 1950-2022\" title=\"grafico4_numero_de_nacimientos_defunciones_PR\" src=\"https:\/\/demografia-bbc.hpcf.upr.edu\/wordpress\/wp-content\/uploads\/2025\/02\/grafico4_numero_de_nacimientos_defunciones_PR.png\" data-orig-src=\"https:\/\/demografia-bbc.hpcf.upr.edu\/wordpress\/wp-content\/uploads\/2025\/02\/grafico4_numero_de_nacimientos_defunciones_PR.png\" class=\"lazyload img-responsive wp-image-1412\" srcset=\"data:image\/svg+xml,%3Csvg%20xmlns%3D%27http%3A%2F%2Fwww.w3.org%2F2000%2Fsvg%27%20width%3D%271430%27%20height%3D%271068%27%20viewBox%3D%270%200%201430%201068%27%3E%3Crect%20width%3D%271430%27%20height%3D%271068%27%20fill-opacity%3D%220%22%2F%3E%3C%2Fsvg%3E\" data-srcset=\"https:\/\/demografia-bbc.hpcf.upr.edu\/wordpress\/wp-content\/uploads\/2025\/02\/grafico4_numero_de_nacimientos_defunciones_PR-200x149.png 200w, https:\/\/demografia-bbc.hpcf.upr.edu\/wordpress\/wp-content\/uploads\/2025\/02\/grafico4_numero_de_nacimientos_defunciones_PR-400x299.png 400w, https:\/\/demografia-bbc.hpcf.upr.edu\/wordpress\/wp-content\/uploads\/2025\/02\/grafico4_numero_de_nacimientos_defunciones_PR-600x448.png 600w, https:\/\/demografia-bbc.hpcf.upr.edu\/wordpress\/wp-content\/uploads\/2025\/02\/grafico4_numero_de_nacimientos_defunciones_PR-800x597.png 800w, https:\/\/demografia-bbc.hpcf.upr.edu\/wordpress\/wp-content\/uploads\/2025\/02\/grafico4_numero_de_nacimientos_defunciones_PR-1200x896.png 1200w, https:\/\/demografia-bbc.hpcf.upr.edu\/wordpress\/wp-content\/uploads\/2025\/02\/grafico4_numero_de_nacimientos_defunciones_PR.png 1430w\" data-sizes=\"auto\" data-orig-sizes=\"(max-width: 640px) 100vw, 600px\" \/><\/span><\/div><\/div><\/div><\/div><\/div><\/div><\/div><\/div>\n","protected":false},"excerpt":{"rendered":"","protected":false},"author":3,"featured_media":0,"parent":919,"menu_order":0,"comment_status":"closed","ping_status":"closed","template":"100-width.php","meta":{"footnotes":""},"class_list":["post-1030","page","type-page","status-publish","hentry"],"_links":{"self":[{"href":"https:\/\/demografia-bbc.hpcf.upr.edu\/wordpress\/wp-json\/wp\/v2\/pages\/1030","targetHints":{"allow":["GET"]}}],"collection":[{"href":"https:\/\/demografia-bbc.hpcf.upr.edu\/wordpress\/wp-json\/wp\/v2\/pages"}],"about":[{"href":"https:\/\/demografia-bbc.hpcf.upr.edu\/wordpress\/wp-json\/wp\/v2\/types\/page"}],"author":[{"embeddable":true,"href":"https:\/\/demografia-bbc.hpcf.upr.edu\/wordpress\/wp-json\/wp\/v2\/users\/3"}],"replies":[{"embeddable":true,"href":"https:\/\/demografia-bbc.hpcf.upr.edu\/wordpress\/wp-json\/wp\/v2\/comments?post=1030"}],"version-history":[{"count":21,"href":"https:\/\/demografia-bbc.hpcf.upr.edu\/wordpress\/wp-json\/wp\/v2\/pages\/1030\/revisions"}],"predecessor-version":[{"id":1444,"href":"https:\/\/demografia-bbc.hpcf.upr.edu\/wordpress\/wp-json\/wp\/v2\/pages\/1030\/revisions\/1444"}],"up":[{"embeddable":true,"href":"https:\/\/demografia-bbc.hpcf.upr.edu\/wordpress\/wp-json\/wp\/v2\/pages\/919"}],"wp:attachment":[{"href":"https:\/\/demografia-bbc.hpcf.upr.edu\/wordpress\/wp-json\/wp\/v2\/media?parent=1030"}],"curies":[{"name":"wp","href":"https:\/\/api.w.org\/{rel}","templated":true}]}}