{"id":1017,"date":"2024-11-26T12:55:42","date_gmt":"2024-11-26T12:55:42","guid":{"rendered":"https:\/\/demografia-bbc.hpcf.upr.edu\/wordpress\/?page_id=1017"},"modified":"2025-02-18T19:08:58","modified_gmt":"2025-02-18T19:08:58","slug":"la-crisis-demografica-en-puerto-rico","status":"publish","type":"page","link":"https:\/\/demografia-bbc.hpcf.upr.edu\/wordpress\/business-coach-home\/la-crisis-demografica-en-puerto-rico\/","title":{"rendered":"La crisis demogr\u00e1fica en Puerto Rico"},"content":{"rendered":"<p class=\"p1\">La poblaci\u00f3n de Puerto Rico viene disminuyendo por las \u00faltimas dos d\u00e9cadas. Esta reducci\u00f3n ha estado acompa\u00f1ada de un r\u00e1pido envejecimiento poblacional con niveles que alcanzan niveles de los m\u00e1s altos en el mundo, una ca\u00edda muy fuerte y r\u00e1pida de la fecundidad llegando a una de las m\u00e1s bajas en el mundo y una migraci\u00f3n neta negativa que acelera la p\u00e9rdida de poblaci\u00f3n durante el mismo per\u00edodo. Muy pocos pa\u00edses en el mundo han pasado por una situaci\u00f3n parecida a la de Puerto Rico. Esta situaci\u00f3n requiere que se act\u00fae de inmediato. No hacer nada no es una opci\u00f3n.<\/p>\n","protected":false},"excerpt":{"rendered":"<p>La poblaci\u00f3n de Puerto Rico viene disminuyendo por las \u00faltimas dos d\u00e9cadas. Esta reducci\u00f3n ha estado acompa\u00f1ada de un r\u00e1pido  &#8230;<\/p>\n","protected":false},"author":3,"featured_media":0,"parent":917,"menu_order":0,"comment_status":"closed","ping_status":"closed","template":"side-navigation.php","meta":{"footnotes":""},"class_list":["post-1017","page","type-page","status-publish","hentry"],"_links":{"self":[{"href":"https:\/\/demografia-bbc.hpcf.upr.edu\/wordpress\/wp-json\/wp\/v2\/pages\/1017","targetHints":{"allow":["GET"]}}],"collection":[{"href":"https:\/\/demografia-bbc.hpcf.upr.edu\/wordpress\/wp-json\/wp\/v2\/pages"}],"about":[{"href":"https:\/\/demografia-bbc.hpcf.upr.edu\/wordpress\/wp-json\/wp\/v2\/types\/page"}],"author":[{"embeddable":true,"href":"https:\/\/demografia-bbc.hpcf.upr.edu\/wordpress\/wp-json\/wp\/v2\/users\/3"}],"replies":[{"embeddable":true,"href":"https:\/\/demografia-bbc.hpcf.upr.edu\/wordpress\/wp-json\/wp\/v2\/comments?post=1017"}],"version-history":[{"count":2,"href":"https:\/\/demografia-bbc.hpcf.upr.edu\/wordpress\/wp-json\/wp\/v2\/pages\/1017\/revisions"}],"predecessor-version":[{"id":1442,"href":"https:\/\/demografia-bbc.hpcf.upr.edu\/wordpress\/wp-json\/wp\/v2\/pages\/1017\/revisions\/1442"}],"up":[{"embeddable":true,"href":"https:\/\/demografia-bbc.hpcf.upr.edu\/wordpress\/wp-json\/wp\/v2\/pages\/917"}],"wp:attachment":[{"href":"https:\/\/demografia-bbc.hpcf.upr.edu\/wordpress\/wp-json\/wp\/v2\/media?parent=1017"}],"curies":[{"name":"wp","href":"https:\/\/api.w.org\/{rel}","templated":true}]}}